{"id":5377,"date":"2024-11-02T03:34:32","date_gmt":"2024-11-02T03:34:32","guid":{"rendered":"https:\/\/staging.silentdivers.com\/product\/padi-entdecken-sie-tauchen\/"},"modified":"2025-03-29T06:19:45","modified_gmt":"2025-03-29T06:19:45","slug":"padi-entdecken-sie-tauchen","status":"publish","type":"product","link":"https:\/\/staging.silentdivers.com\/de\/kurs\/padi-entdecken-sie-tauchen\/","title":{"rendered":"PADI Entdecken Sie Tauchen"},"content":{"rendered":"","protected":false},"excerpt":{"rendered":"<p>Das PADI Discover Scuba Diving (DSD) Programm ist eine eint\u00e4gige Erfahrung, die es Ihnen erm\u00f6glicht, ohne vorherige Zertifizierung im Freiwasser zu tauchen. Es ist ideal f\u00fcr Anf\u00e4nger, die herausfinden m\u00f6chten, ob Tauchen etwas f\u00fcr sie ist, oder f\u00fcr diejenigen, die w\u00e4hrend ihres Urlaubs auf Koh Samui einfach nur in das Unterwasserabenteuer hineinschnuppern m\u00f6chten.<\/p>\n","protected":false},"featured_media":2849,"template":"","meta":[],"product_brand":[],"product_cat":[137,138],"product_tag":[],"class_list":{"0":"post-5377","1":"product","2":"type-product","3":"status-publish","4":"has-post-thumbnail","6":"product_cat-anfaenger","7":"product_cat-kurs","9":"first","10":"instock","11":"shipping-taxable","12":"purchasable","13":"product-type-course"},"_links":{"self":[{"href":"https:\/\/staging.silentdivers.com\/de\/wp-json\/wp\/v2\/product\/5377","targetHints":{"allow":["GET"]}}],"collection":[{"href":"https:\/\/staging.silentdivers.com\/de\/wp-json\/wp\/v2\/product"}],"about":[{"href":"https:\/\/staging.silentdivers.com\/de\/wp-json\/wp\/v2\/types\/product"}],"version-history":[{"count":1,"href":"https:\/\/staging.silentdivers.com\/de\/wp-json\/wp\/v2\/product\/5377\/revisions"}],"predecessor-version":[{"id":5416,"href":"https:\/\/staging.silentdivers.com\/de\/wp-json\/wp\/v2\/product\/5377\/revisions\/5416"}],"wp:featuredmedia":[{"embeddable":true,"href":"https:\/\/staging.silentdivers.com\/de\/wp-json\/wp\/v2\/media\/2849"}],"wp:attachment":[{"href":"https:\/\/staging.silentdivers.com\/de\/wp-json\/wp\/v2\/media?parent=5377"}],"wp:term":[{"taxonomy":"product_brand","embeddable":true,"href":"https:\/\/staging.silentdivers.com\/de\/wp-json\/wp\/v2\/product_brand?post=5377"},{"taxonomy":"product_cat","embeddable":true,"href":"https:\/\/staging.silentdivers.com\/de\/wp-json\/wp\/v2\/product_cat?post=5377"},{"taxonomy":"product_tag","embeddable":true,"href":"https:\/\/staging.silentdivers.com\/de\/wp-json\/wp\/v2\/product_tag?post=5377"}],"curies":[{"name":"wp","href":"https:\/\/api.w.org\/{rel}","templated":true}]}}