{"id":5378,"date":"2024-11-02T00:18:36","date_gmt":"2024-11-02T00:18:36","guid":{"rendered":"https:\/\/staging.silentdivers.com\/product\/tauchtour-sail-rock\/"},"modified":"2025-03-29T06:12:36","modified_gmt":"2025-03-29T06:12:36","slug":"tauchtour-sail-rock","status":"publish","type":"product","link":"https:\/\/staging.silentdivers.com\/de\/tour\/tauchtour-sail-rock\/","title":{"rendered":"Tauchtour Sail Rock"},"content":{"rendered":"","protected":false},"excerpt":{"rendered":"<p>Dieser ikonische, zinnenf\u00f6rmige Felsen ist eine wahre Meeresoase, die f\u00fcr ihre reiche Artenvielfalt bekannt ist, von riesigen Schw\u00e4rmen von Chevron-Barrakudas, Gro\u00dfaugenmakrelen und Stachelmakrelen bis hin zu den atemberaubenden Auftritten von K\u00f6niginnenfischen, gelben Kofferfischen, Mur\u00e4nen und sogar gelegentlichen Walhaien.<\/p>\n","protected":false},"featured_media":2839,"template":"","meta":[],"product_brand":[],"product_cat":[104],"product_tag":[],"class_list":{"0":"post-5378","1":"product","2":"type-product","3":"status-publish","4":"has-post-thumbnail","6":"product_cat-tour-de","8":"first","9":"instock","10":"virtual","11":"purchasable","12":"product-type-tour"},"_links":{"self":[{"href":"https:\/\/staging.silentdivers.com\/de\/wp-json\/wp\/v2\/product\/5378","targetHints":{"allow":["GET"]}}],"collection":[{"href":"https:\/\/staging.silentdivers.com\/de\/wp-json\/wp\/v2\/product"}],"about":[{"href":"https:\/\/staging.silentdivers.com\/de\/wp-json\/wp\/v2\/types\/product"}],"version-history":[{"count":1,"href":"https:\/\/staging.silentdivers.com\/de\/wp-json\/wp\/v2\/product\/5378\/revisions"}],"predecessor-version":[{"id":5409,"href":"https:\/\/staging.silentdivers.com\/de\/wp-json\/wp\/v2\/product\/5378\/revisions\/5409"}],"wp:featuredmedia":[{"embeddable":true,"href":"https:\/\/staging.silentdivers.com\/de\/wp-json\/wp\/v2\/media\/2839"}],"wp:attachment":[{"href":"https:\/\/staging.silentdivers.com\/de\/wp-json\/wp\/v2\/media?parent=5378"}],"wp:term":[{"taxonomy":"product_brand","embeddable":true,"href":"https:\/\/staging.silentdivers.com\/de\/wp-json\/wp\/v2\/product_brand?post=5378"},{"taxonomy":"product_cat","embeddable":true,"href":"https:\/\/staging.silentdivers.com\/de\/wp-json\/wp\/v2\/product_cat?post=5378"},{"taxonomy":"product_tag","embeddable":true,"href":"https:\/\/staging.silentdivers.com\/de\/wp-json\/wp\/v2\/product_tag?post=5378"}],"curies":[{"name":"wp","href":"https:\/\/api.w.org\/{rel}","templated":true}]}}