{"id":5441,"date":"2024-11-02T04:40:06","date_gmt":"2024-11-02T04:40:06","guid":{"rendered":"https:\/\/staging.silentdivers.com\/product\/padi-open-water-taucher\/"},"modified":"2024-11-02T04:40:06","modified_gmt":"2024-11-02T04:40:06","slug":"padi-open-water-taucher","status":"publish","type":"product","link":"https:\/\/staging.silentdivers.com\/de\/kurs\/padi-open-water-taucher\/","title":{"rendered":"PADI Open Water Taucher"},"content":{"rendered":"","protected":false},"excerpt":{"rendered":"<p>Der PADI Open Water Diver Kurs bei Silent Divers in Koh Samui, Thailand, ist unser beliebtester Anf\u00e4ngerkurs. Wenn Sie diesen Kurs abschlie\u00dfen, k\u00f6nnen Sie mit Ihrem Tauchpartner \u00fcberall auf der Welt bis zu einer maximalen Tiefe von 18 Metern tauchen. <\/p>\n","protected":false},"featured_media":2874,"template":"","meta":[],"product_brand":[],"product_cat":[137,138],"product_tag":[],"class_list":{"0":"post-5441","1":"product","2":"type-product","3":"status-publish","4":"has-post-thumbnail","6":"product_cat-anfaenger","7":"product_cat-kurs","9":"first","10":"instock","11":"shipping-taxable","12":"purchasable","13":"product-type-course"},"_links":{"self":[{"href":"https:\/\/staging.silentdivers.com\/de\/wp-json\/wp\/v2\/product\/5441","targetHints":{"allow":["GET"]}}],"collection":[{"href":"https:\/\/staging.silentdivers.com\/de\/wp-json\/wp\/v2\/product"}],"about":[{"href":"https:\/\/staging.silentdivers.com\/de\/wp-json\/wp\/v2\/types\/product"}],"version-history":[{"count":0,"href":"https:\/\/staging.silentdivers.com\/de\/wp-json\/wp\/v2\/product\/5441\/revisions"}],"wp:featuredmedia":[{"embeddable":true,"href":"https:\/\/staging.silentdivers.com\/de\/wp-json\/wp\/v2\/media\/2874"}],"wp:attachment":[{"href":"https:\/\/staging.silentdivers.com\/de\/wp-json\/wp\/v2\/media?parent=5441"}],"wp:term":[{"taxonomy":"product_brand","embeddable":true,"href":"https:\/\/staging.silentdivers.com\/de\/wp-json\/wp\/v2\/product_brand?post=5441"},{"taxonomy":"product_cat","embeddable":true,"href":"https:\/\/staging.silentdivers.com\/de\/wp-json\/wp\/v2\/product_cat?post=5441"},{"taxonomy":"product_tag","embeddable":true,"href":"https:\/\/staging.silentdivers.com\/de\/wp-json\/wp\/v2\/product_tag?post=5441"}],"curies":[{"name":"wp","href":"https:\/\/api.w.org\/{rel}","templated":true}]}}