{"id":5451,"date":"2024-11-08T06:47:20","date_gmt":"2024-11-08T06:47:20","guid":{"rendered":"https:\/\/staging.silentdivers.com\/product\/private-charter-tauchtour\/"},"modified":"2024-11-08T06:47:20","modified_gmt":"2024-11-08T06:47:20","slug":"private-charter-tauchtour","status":"publish","type":"product","link":"https:\/\/staging.silentdivers.com\/de\/tour\/private-charter-tauchtour\/","title":{"rendered":"Private Charter-Tauchtour"},"content":{"rendered":"","protected":false},"excerpt":{"rendered":"<p>Private Charter erm\u00f6glichen es Ihnen, Ihre Reiseroute individuell zu gestalten, Ihre Lieblingstauchpl\u00e4tze oder Schnorchelpl\u00e4tze auszuw\u00e4hlen und den Golf von Thailand in Ihrem eigenen Tempo zu erkunden. Perfekt f\u00fcr Familien, Freunde oder Paare, bietet diese pers\u00f6nliche Reise Privatsph\u00e4re, Flexibilit\u00e4t und eine engagierte Crew, die f\u00fcr ein unvergessliches Erlebnis sorgt. <\/p>\n","protected":false},"featured_media":3099,"template":"","meta":[],"product_brand":[],"product_cat":[104],"product_tag":[],"class_list":{"0":"post-5451","1":"product","2":"type-product","3":"status-publish","4":"has-post-thumbnail","6":"product_cat-tour-de","8":"first","9":"instock","10":"virtual","11":"product-type-tour"},"_links":{"self":[{"href":"https:\/\/staging.silentdivers.com\/de\/wp-json\/wp\/v2\/product\/5451","targetHints":{"allow":["GET"]}}],"collection":[{"href":"https:\/\/staging.silentdivers.com\/de\/wp-json\/wp\/v2\/product"}],"about":[{"href":"https:\/\/staging.silentdivers.com\/de\/wp-json\/wp\/v2\/types\/product"}],"version-history":[{"count":0,"href":"https:\/\/staging.silentdivers.com\/de\/wp-json\/wp\/v2\/product\/5451\/revisions"}],"wp:featuredmedia":[{"embeddable":true,"href":"https:\/\/staging.silentdivers.com\/de\/wp-json\/wp\/v2\/media\/3099"}],"wp:attachment":[{"href":"https:\/\/staging.silentdivers.com\/de\/wp-json\/wp\/v2\/media?parent=5451"}],"wp:term":[{"taxonomy":"product_brand","embeddable":true,"href":"https:\/\/staging.silentdivers.com\/de\/wp-json\/wp\/v2\/product_brand?post=5451"},{"taxonomy":"product_cat","embeddable":true,"href":"https:\/\/staging.silentdivers.com\/de\/wp-json\/wp\/v2\/product_cat?post=5451"},{"taxonomy":"product_tag","embeddable":true,"href":"https:\/\/staging.silentdivers.com\/de\/wp-json\/wp\/v2\/product_tag?post=5451"}],"curies":[{"name":"wp","href":"https:\/\/api.w.org\/{rel}","templated":true}]}}