{"id":5465,"date":"2024-11-07T05:18:46","date_gmt":"2024-11-07T05:18:46","guid":{"rendered":"https:\/\/staging.silentdivers.com\/product\/tauchen-tour-ang-thong\/"},"modified":"2024-11-07T05:18:46","modified_gmt":"2024-11-07T05:18:46","slug":"tauchen-tour-ang-thong","status":"publish","type":"product","link":"https:\/\/staging.silentdivers.com\/de\/tour\/tauchen-tour-ang-thong\/","title":{"rendered":"Tauchen Tour Ang Thong"},"content":{"rendered":"","protected":false},"excerpt":{"rendered":"<p>Der Ang Thong National Marine Park im Golf von Thailand ist ein verstecktes Juwel f\u00fcr Taucher und Naturliebhaber gleicherma\u00dfen. Dieser gesch\u00fctzte Archipel, der aus 42 Inseln besteht, ist bekannt f\u00fcr sein kristallklares Wasser, seine dramatischen Kalksteinklippen und seine lebhaften Korallenriffe. <\/p>\n","protected":false},"featured_media":3029,"template":"","meta":[],"product_brand":[],"product_cat":[104],"product_tag":[],"class_list":{"0":"post-5465","1":"product","2":"type-product","3":"status-publish","4":"has-post-thumbnail","6":"product_cat-tour-de","8":"first","9":"instock","10":"virtual","11":"purchasable","12":"product-type-tour"},"_links":{"self":[{"href":"https:\/\/staging.silentdivers.com\/de\/wp-json\/wp\/v2\/product\/5465","targetHints":{"allow":["GET"]}}],"collection":[{"href":"https:\/\/staging.silentdivers.com\/de\/wp-json\/wp\/v2\/product"}],"about":[{"href":"https:\/\/staging.silentdivers.com\/de\/wp-json\/wp\/v2\/types\/product"}],"version-history":[{"count":0,"href":"https:\/\/staging.silentdivers.com\/de\/wp-json\/wp\/v2\/product\/5465\/revisions"}],"wp:featuredmedia":[{"embeddable":true,"href":"https:\/\/staging.silentdivers.com\/de\/wp-json\/wp\/v2\/media\/3029"}],"wp:attachment":[{"href":"https:\/\/staging.silentdivers.com\/de\/wp-json\/wp\/v2\/media?parent=5465"}],"wp:term":[{"taxonomy":"product_brand","embeddable":true,"href":"https:\/\/staging.silentdivers.com\/de\/wp-json\/wp\/v2\/product_brand?post=5465"},{"taxonomy":"product_cat","embeddable":true,"href":"https:\/\/staging.silentdivers.com\/de\/wp-json\/wp\/v2\/product_cat?post=5465"},{"taxonomy":"product_tag","embeddable":true,"href":"https:\/\/staging.silentdivers.com\/de\/wp-json\/wp\/v2\/product_tag?post=5465"}],"curies":[{"name":"wp","href":"https:\/\/api.w.org\/{rel}","templated":true}]}}