{"id":5466,"date":"2024-11-08T06:07:31","date_gmt":"2024-11-08T06:07:31","guid":{"rendered":"https:\/\/staging.silentdivers.com\/product\/tauchen-tour-chumphon\/"},"modified":"2024-11-08T06:07:31","modified_gmt":"2024-11-08T06:07:31","slug":"tauchen-tour-chumphon","status":"publish","type":"product","link":"https:\/\/staging.silentdivers.com\/de\/tour\/tauchen-tour-chumphon\/","title":{"rendered":"Tauchen Tour Chumphon"},"content":{"rendered":"","protected":false},"excerpt":{"rendered":"<p>Chumphon im Golf von Thailand ist ein verstecktes Juwel f\u00fcr Taucher, die unber\u00fchrte Unterwasserlandschaften suchen. Chumphon ist bekannt f\u00fcr seine unber\u00fchrten Korallenriffe, sein vielf\u00e4ltiges Meeresleben und seine au\u00dfergew\u00f6hnliche Sichtweite. Es bietet eine ruhige Flucht vor den \u00fcberf\u00fcllten Tauchpl\u00e4tzen und gilt auch als einer der begehrtesten Tauchpl\u00e4tze f\u00fcr fortgeschrittene Taucher. <\/p>\n","protected":false},"featured_media":2824,"template":"","meta":[],"product_brand":[],"product_cat":[104],"product_tag":[],"class_list":{"0":"post-5466","1":"product","2":"type-product","3":"status-publish","4":"has-post-thumbnail","6":"product_cat-tour-de","8":"first","9":"instock","10":"virtual","11":"purchasable","12":"product-type-tour"},"_links":{"self":[{"href":"https:\/\/staging.silentdivers.com\/de\/wp-json\/wp\/v2\/product\/5466","targetHints":{"allow":["GET"]}}],"collection":[{"href":"https:\/\/staging.silentdivers.com\/de\/wp-json\/wp\/v2\/product"}],"about":[{"href":"https:\/\/staging.silentdivers.com\/de\/wp-json\/wp\/v2\/types\/product"}],"version-history":[{"count":0,"href":"https:\/\/staging.silentdivers.com\/de\/wp-json\/wp\/v2\/product\/5466\/revisions"}],"wp:featuredmedia":[{"embeddable":true,"href":"https:\/\/staging.silentdivers.com\/de\/wp-json\/wp\/v2\/media\/2824"}],"wp:attachment":[{"href":"https:\/\/staging.silentdivers.com\/de\/wp-json\/wp\/v2\/media?parent=5466"}],"wp:term":[{"taxonomy":"product_brand","embeddable":true,"href":"https:\/\/staging.silentdivers.com\/de\/wp-json\/wp\/v2\/product_brand?post=5466"},{"taxonomy":"product_cat","embeddable":true,"href":"https:\/\/staging.silentdivers.com\/de\/wp-json\/wp\/v2\/product_cat?post=5466"},{"taxonomy":"product_tag","embeddable":true,"href":"https:\/\/staging.silentdivers.com\/de\/wp-json\/wp\/v2\/product_tag?post=5466"}],"curies":[{"name":"wp","href":"https:\/\/api.w.org\/{rel}","templated":true}]}}