{"id":5472,"date":"2024-11-07T05:17:46","date_gmt":"2024-11-07T05:17:46","guid":{"rendered":"https:\/\/staging.silentdivers.com\/product\/tauchen-tour-koh-tao\/"},"modified":"2024-11-07T05:17:46","modified_gmt":"2024-11-07T05:17:46","slug":"tauchen-tour-koh-tao","status":"publish","type":"product","link":"https:\/\/staging.silentdivers.com\/de\/tour\/tauchen-tour-koh-tao\/","title":{"rendered":"Tauchen Tour Koh Tao"},"content":{"rendered":"","protected":false},"excerpt":{"rendered":"<p>Koh Tao, Thailand, ist ein weltbekanntes Tauchziel, das Taucher mit seinem warmen, klaren Wasser, der reichen marinen Artenvielfalt und den vielf\u00e4ltigen Tauchpl\u00e4tzen in seinen Bann zieht. Koh Tao ist auch als &#8222;Schildkr\u00f6teninsel&#8220; bekannt und bietet atemberaubende Korallenriffe, ein bl\u00fchendes Meeresleben, von farbenfrohen Riffen voller tropischer Fische bis hin zu fortgeschrittenen Tauchpl\u00e4tzen, an denen Schwarzspitzenriff-Walhaie und Barrakudas zu finden sind, sowie ausgezeichnete Sichtverh\u00e4ltnisse, die es sowohl f\u00fcr Anf\u00e4nger als auch f\u00fcr erfahrene Taucher perfekt machen. <\/p>\n","protected":false},"featured_media":3009,"template":"","meta":[],"product_brand":[],"product_cat":[104],"product_tag":[],"class_list":{"0":"post-5472","1":"product","2":"type-product","3":"status-publish","4":"has-post-thumbnail","6":"product_cat-tour-de","8":"first","9":"instock","10":"virtual","11":"purchasable","12":"product-type-tour"},"_links":{"self":[{"href":"https:\/\/staging.silentdivers.com\/de\/wp-json\/wp\/v2\/product\/5472","targetHints":{"allow":["GET"]}}],"collection":[{"href":"https:\/\/staging.silentdivers.com\/de\/wp-json\/wp\/v2\/product"}],"about":[{"href":"https:\/\/staging.silentdivers.com\/de\/wp-json\/wp\/v2\/types\/product"}],"version-history":[{"count":0,"href":"https:\/\/staging.silentdivers.com\/de\/wp-json\/wp\/v2\/product\/5472\/revisions"}],"wp:featuredmedia":[{"embeddable":true,"href":"https:\/\/staging.silentdivers.com\/de\/wp-json\/wp\/v2\/media\/3009"}],"wp:attachment":[{"href":"https:\/\/staging.silentdivers.com\/de\/wp-json\/wp\/v2\/media?parent=5472"}],"wp:term":[{"taxonomy":"product_brand","embeddable":true,"href":"https:\/\/staging.silentdivers.com\/de\/wp-json\/wp\/v2\/product_brand?post=5472"},{"taxonomy":"product_cat","embeddable":true,"href":"https:\/\/staging.silentdivers.com\/de\/wp-json\/wp\/v2\/product_cat?post=5472"},{"taxonomy":"product_tag","embeddable":true,"href":"https:\/\/staging.silentdivers.com\/de\/wp-json\/wp\/v2\/product_tag?post=5472"}],"curies":[{"name":"wp","href":"https:\/\/api.w.org\/{rel}","templated":true}]}}