{"id":5475,"date":"2024-11-08T08:38:37","date_gmt":"2024-11-08T08:38:37","guid":{"rendered":"https:\/\/staging.silentdivers.com\/product\/schnorcheln-tour-ang-thong\/"},"modified":"2024-11-08T08:38:37","modified_gmt":"2024-11-08T08:38:37","slug":"schnorcheln-tour-ang-thong","status":"publish","type":"product","link":"https:\/\/staging.silentdivers.com\/de\/tour\/schnorcheln-tour-ang-thong\/","title":{"rendered":"Schnorcheln Tour Ang Thong"},"content":{"rendered":"","protected":false},"excerpt":{"rendered":"<p>Der Ang Thong National Marine Park in Thailand ist ein Traum f\u00fcr Schnorchler. Hier gibt es 42 unber\u00fchrte Inseln mit kristallklarem Wasser und bl\u00fchenden Korallenriffen. Von der verschlungenen Sch\u00f6nheit der Hart- und Weichkorallen bis hin zur anmutigen Pr\u00e4senz von geb\u00e4nderten Seeschlangen, Papageienfischen, Lippfischen, Stachelrochen, Mur\u00e4nen und Schmetterlingsfischen versprechen die Ang Thong-Inseln ein tiefgreifendes und unvergessliches Taucherlebnis. <\/p>\n","protected":false},"featured_media":3084,"template":"","meta":[],"product_brand":[],"product_cat":[216,104],"product_tag":[],"class_list":{"0":"post-5475","1":"product","2":"type-product","3":"status-publish","4":"has-post-thumbnail","6":"product_cat-schnorcheln","7":"product_cat-tour-de","9":"first","10":"instock","11":"virtual","12":"purchasable","13":"product-type-tour"},"_links":{"self":[{"href":"https:\/\/staging.silentdivers.com\/de\/wp-json\/wp\/v2\/product\/5475","targetHints":{"allow":["GET"]}}],"collection":[{"href":"https:\/\/staging.silentdivers.com\/de\/wp-json\/wp\/v2\/product"}],"about":[{"href":"https:\/\/staging.silentdivers.com\/de\/wp-json\/wp\/v2\/types\/product"}],"version-history":[{"count":0,"href":"https:\/\/staging.silentdivers.com\/de\/wp-json\/wp\/v2\/product\/5475\/revisions"}],"wp:featuredmedia":[{"embeddable":true,"href":"https:\/\/staging.silentdivers.com\/de\/wp-json\/wp\/v2\/media\/3084"}],"wp:attachment":[{"href":"https:\/\/staging.silentdivers.com\/de\/wp-json\/wp\/v2\/media?parent=5475"}],"wp:term":[{"taxonomy":"product_brand","embeddable":true,"href":"https:\/\/staging.silentdivers.com\/de\/wp-json\/wp\/v2\/product_brand?post=5475"},{"taxonomy":"product_cat","embeddable":true,"href":"https:\/\/staging.silentdivers.com\/de\/wp-json\/wp\/v2\/product_cat?post=5475"},{"taxonomy":"product_tag","embeddable":true,"href":"https:\/\/staging.silentdivers.com\/de\/wp-json\/wp\/v2\/product_tag?post=5475"}],"curies":[{"name":"wp","href":"https:\/\/api.w.org\/{rel}","templated":true}]}}