{"id":5484,"date":"2024-11-08T07:56:32","date_gmt":"2024-11-08T07:56:32","guid":{"rendered":"https:\/\/staging.silentdivers.com\/product\/schnorcheln-tour-koh-tao\/"},"modified":"2024-11-08T07:56:32","modified_gmt":"2024-11-08T07:56:32","slug":"schnorcheln-tour-koh-tao","status":"publish","type":"product","link":"https:\/\/staging.silentdivers.com\/de\/tour\/schnorcheln-tour-koh-tao\/","title":{"rendered":"Schnorcheln Tour Koh Tao"},"content":{"rendered":"","protected":false},"excerpt":{"rendered":"<p>Koh Tao, Thailand, ist ein erstklassiges Reiseziel zum Schnorcheln, das f\u00fcr sein kristallklares Wasser, seine lebhaften Korallenriffe und sein reichhaltiges Meeresleben bekannt ist. Mit einfachem Zugang zu seichten Buchten wie <strong>Shark Bay<\/strong> und <strong>Aow Leuk<\/strong> k\u00f6nnen Sie an der Seite von Meeresschildkr\u00f6ten, Kaiserfischen, F\u00fcsilieren, Falterfischen, Blaupunktrochen, farbenfrohen tropischen Fischen schwimmen und sogar einen Blick auf harmlose Schwarzspitzen-Riffhaie erhaschen <\/p>\n","protected":false},"featured_media":3064,"template":"","meta":[],"product_brand":[],"product_cat":[216,104],"product_tag":[],"class_list":{"0":"post-5484","1":"product","2":"type-product","3":"status-publish","4":"has-post-thumbnail","6":"product_cat-schnorcheln","7":"product_cat-tour-de","9":"first","10":"instock","11":"virtual","12":"purchasable","13":"product-type-tour"},"_links":{"self":[{"href":"https:\/\/staging.silentdivers.com\/de\/wp-json\/wp\/v2\/product\/5484","targetHints":{"allow":["GET"]}}],"collection":[{"href":"https:\/\/staging.silentdivers.com\/de\/wp-json\/wp\/v2\/product"}],"about":[{"href":"https:\/\/staging.silentdivers.com\/de\/wp-json\/wp\/v2\/types\/product"}],"version-history":[{"count":0,"href":"https:\/\/staging.silentdivers.com\/de\/wp-json\/wp\/v2\/product\/5484\/revisions"}],"wp:featuredmedia":[{"embeddable":true,"href":"https:\/\/staging.silentdivers.com\/de\/wp-json\/wp\/v2\/media\/3064"}],"wp:attachment":[{"href":"https:\/\/staging.silentdivers.com\/de\/wp-json\/wp\/v2\/media?parent=5484"}],"wp:term":[{"taxonomy":"product_brand","embeddable":true,"href":"https:\/\/staging.silentdivers.com\/de\/wp-json\/wp\/v2\/product_brand?post=5484"},{"taxonomy":"product_cat","embeddable":true,"href":"https:\/\/staging.silentdivers.com\/de\/wp-json\/wp\/v2\/product_cat?post=5484"},{"taxonomy":"product_tag","embeddable":true,"href":"https:\/\/staging.silentdivers.com\/de\/wp-json\/wp\/v2\/product_tag?post=5484"}],"curies":[{"name":"wp","href":"https:\/\/api.w.org\/{rel}","templated":true}]}}