{"id":5489,"date":"2024-11-05T08:46:45","date_gmt":"2024-11-05T08:46:45","guid":{"rendered":"https:\/\/staging.silentdivers.com\/product\/padi-advanced-open-water-diver\/"},"modified":"2024-11-05T08:46:45","modified_gmt":"2024-11-05T08:46:45","slug":"padi-advanced-open-water-diver","status":"publish","type":"product","link":"https:\/\/staging.silentdivers.com\/de\/kurs\/padi-advanced-open-water-diver\/","title":{"rendered":"PADI Advanced Open Water Diver"},"content":{"rendered":"","protected":false},"excerpt":{"rendered":"<p>Der <strong>PADI Advanced Open Water Diver Kurs<\/strong> wurde entwickelt, um zertifizierten Tauchern \u00fcber die Grundlagen hinaus zu helfen, neue Fertigkeiten zu erwerben, tiefer zu tauchen und verschiedene Arten von Umgebungen zu erleben. Dieser Kurs ist perfekt f\u00fcr Open Water Diver, die ihre F\u00e4higkeiten erweitern und ihre Grenzen unter der sicheren Anleitung eines zertifizierten PADI Tauchlehrers erweitern m\u00f6chten. <\/p>\n","protected":false},"featured_media":2909,"template":"","meta":[],"product_brand":[],"product_cat":[222,138],"product_tag":[],"class_list":{"0":"post-5489","1":"product","2":"type-product","3":"status-publish","4":"has-post-thumbnail","6":"product_cat-fortgeschrittene","7":"product_cat-kurs","9":"first","10":"instock","11":"shipping-taxable","12":"purchasable","13":"product-type-course"},"_links":{"self":[{"href":"https:\/\/staging.silentdivers.com\/de\/wp-json\/wp\/v2\/product\/5489","targetHints":{"allow":["GET"]}}],"collection":[{"href":"https:\/\/staging.silentdivers.com\/de\/wp-json\/wp\/v2\/product"}],"about":[{"href":"https:\/\/staging.silentdivers.com\/de\/wp-json\/wp\/v2\/types\/product"}],"version-history":[{"count":0,"href":"https:\/\/staging.silentdivers.com\/de\/wp-json\/wp\/v2\/product\/5489\/revisions"}],"wp:featuredmedia":[{"embeddable":true,"href":"https:\/\/staging.silentdivers.com\/de\/wp-json\/wp\/v2\/media\/2909"}],"wp:attachment":[{"href":"https:\/\/staging.silentdivers.com\/de\/wp-json\/wp\/v2\/media?parent=5489"}],"wp:term":[{"taxonomy":"product_brand","embeddable":true,"href":"https:\/\/staging.silentdivers.com\/de\/wp-json\/wp\/v2\/product_brand?post=5489"},{"taxonomy":"product_cat","embeddable":true,"href":"https:\/\/staging.silentdivers.com\/de\/wp-json\/wp\/v2\/product_cat?post=5489"},{"taxonomy":"product_tag","embeddable":true,"href":"https:\/\/staging.silentdivers.com\/de\/wp-json\/wp\/v2\/product_tag?post=5489"}],"curies":[{"name":"wp","href":"https:\/\/api.w.org\/{rel}","templated":true}]}}