{"id":5503,"date":"2024-11-06T09:15:45","date_gmt":"2024-11-06T09:15:45","guid":{"rendered":"https:\/\/staging.silentdivers.com\/product\/padi-enriched-air-diver-eanx\/"},"modified":"2024-11-06T09:15:45","modified_gmt":"2024-11-06T09:15:45","slug":"padi-enriched-air-diver-eanx","status":"publish","type":"product","link":"https:\/\/staging.silentdivers.com\/de\/kurs\/padi-enriched-air-diver-eanx\/","title":{"rendered":"PADI Enriched Air Diver (EANx)"},"content":{"rendered":"","protected":false},"excerpt":{"rendered":"<p>Der <strong>PADI Enriched Air Diver Kurs, auch bekannt als Nitrox-Kurs<\/strong>, ist das beliebteste PADI-Spezialzertifikat und lehrt Sie das Tauchen mit angereicherter Luft (Luft mit einem h\u00f6heren Sauerstoffgehalt und weniger Stickstoff als normale Luft). Dadurch k\u00f6nnen Sie Ihre Grundzeit verl\u00e4ngern und die Stickstoffanreicherung in Ihrem K\u00f6rper reduzieren. Sie k\u00f6nnen mehr Grundzeit erhalten, k\u00fcrzere Oberfl\u00e4chenintervalle genie\u00dfen und bei jedem Abenteuer l\u00e4nger und frischer tauchen!  <\/p>\n","protected":false},"featured_media":2974,"template":"","meta":[],"product_brand":[],"product_cat":[138,227],"product_tag":[],"class_list":{"0":"post-5503","1":"product","2":"type-product","3":"status-publish","4":"has-post-thumbnail","6":"product_cat-kurs","7":"product_cat-spezialitat","9":"first","10":"instock","11":"shipping-taxable","12":"purchasable","13":"product-type-course"},"_links":{"self":[{"href":"https:\/\/staging.silentdivers.com\/de\/wp-json\/wp\/v2\/product\/5503","targetHints":{"allow":["GET"]}}],"collection":[{"href":"https:\/\/staging.silentdivers.com\/de\/wp-json\/wp\/v2\/product"}],"about":[{"href":"https:\/\/staging.silentdivers.com\/de\/wp-json\/wp\/v2\/types\/product"}],"version-history":[{"count":0,"href":"https:\/\/staging.silentdivers.com\/de\/wp-json\/wp\/v2\/product\/5503\/revisions"}],"wp:featuredmedia":[{"embeddable":true,"href":"https:\/\/staging.silentdivers.com\/de\/wp-json\/wp\/v2\/media\/2974"}],"wp:attachment":[{"href":"https:\/\/staging.silentdivers.com\/de\/wp-json\/wp\/v2\/media?parent=5503"}],"wp:term":[{"taxonomy":"product_brand","embeddable":true,"href":"https:\/\/staging.silentdivers.com\/de\/wp-json\/wp\/v2\/product_brand?post=5503"},{"taxonomy":"product_cat","embeddable":true,"href":"https:\/\/staging.silentdivers.com\/de\/wp-json\/wp\/v2\/product_cat?post=5503"},{"taxonomy":"product_tag","embeddable":true,"href":"https:\/\/staging.silentdivers.com\/de\/wp-json\/wp\/v2\/product_tag?post=5503"}],"curies":[{"name":"wp","href":"https:\/\/api.w.org\/{rel}","templated":true}]}}