{"id":5375,"date":"2024-11-02T03:34:32","date_gmt":"2024-11-02T03:34:32","guid":{"rendered":"https:\/\/staging.silentdivers.com\/product\/padi-discover-scuba\/"},"modified":"2025-03-29T06:19:26","modified_gmt":"2025-03-29T06:19:26","slug":"padi-discover-scuba","status":"publish","type":"product","link":"https:\/\/staging.silentdivers.com\/es\/curso\/padi-discover-scuba\/","title":{"rendered":"PADI Discover Scuba"},"content":{"rendered":"","protected":false},"excerpt":{"rendered":"<p>El programa PADI Discover Scuba Diving (DSD) es una experiencia de un d\u00eda que te permite bucear en aguas abiertas sin titulaci\u00f3n previa. Es ideal para principiantes que quieren ver si el submarinismo es para ellos, o para quienes s\u00f3lo quieren probar la aventura submarina mientras est\u00e1n de vacaciones en Koh Samui.<\/p>\n","protected":false},"featured_media":2850,"template":"","meta":[],"product_brand":[],"product_cat":[135,134],"product_tag":[],"class_list":{"0":"post-5375","1":"product","2":"type-product","3":"status-publish","4":"has-post-thumbnail","6":"product_cat-curso","7":"product_cat-principiante","9":"first","10":"instock","11":"shipping-taxable","12":"purchasable","13":"product-type-course"},"_links":{"self":[{"href":"https:\/\/staging.silentdivers.com\/es\/wp-json\/wp\/v2\/product\/5375","targetHints":{"allow":["GET"]}}],"collection":[{"href":"https:\/\/staging.silentdivers.com\/es\/wp-json\/wp\/v2\/product"}],"about":[{"href":"https:\/\/staging.silentdivers.com\/es\/wp-json\/wp\/v2\/types\/product"}],"version-history":[{"count":2,"href":"https:\/\/staging.silentdivers.com\/es\/wp-json\/wp\/v2\/product\/5375\/revisions"}],"predecessor-version":[{"id":5429,"href":"https:\/\/staging.silentdivers.com\/es\/wp-json\/wp\/v2\/product\/5375\/revisions\/5429"}],"wp:featuredmedia":[{"embeddable":true,"href":"https:\/\/staging.silentdivers.com\/es\/wp-json\/wp\/v2\/media\/2850"}],"wp:attachment":[{"href":"https:\/\/staging.silentdivers.com\/es\/wp-json\/wp\/v2\/media?parent=5375"}],"wp:term":[{"taxonomy":"product_brand","embeddable":true,"href":"https:\/\/staging.silentdivers.com\/es\/wp-json\/wp\/v2\/product_brand?post=5375"},{"taxonomy":"product_cat","embeddable":true,"href":"https:\/\/staging.silentdivers.com\/es\/wp-json\/wp\/v2\/product_cat?post=5375"},{"taxonomy":"product_tag","embeddable":true,"href":"https:\/\/staging.silentdivers.com\/es\/wp-json\/wp\/v2\/product_tag?post=5375"}],"curies":[{"name":"wp","href":"https:\/\/api.w.org\/{rel}","templated":true}]}}