{"id":5376,"date":"2024-11-02T00:18:36","date_gmt":"2024-11-02T00:18:36","guid":{"rendered":"https:\/\/staging.silentdivers.com\/product\/excursion-de-buceo-sail-rock\/"},"modified":"2025-03-29T06:12:59","modified_gmt":"2025-03-29T06:12:59","slug":"excursion-de-buceo-sail-rock","status":"publish","type":"product","link":"https:\/\/staging.silentdivers.com\/es\/visita\/excursion-de-buceo-sail-rock\/","title":{"rendered":"Excursi\u00f3n de buceo Sail Rock"},"content":{"rendered":"","protected":false},"excerpt":{"rendered":"<p>Esta ic\u00f3nica roca con forma de pin\u00e1culo es un verdadero oasis marino, famoso por su rica biodiversidad, desde enormes bancos de barracudas chevron, jureles patudos y jureles, hasta las impresionantes apariciones de peces reina, peces caja amarillos, morenas e incluso alg\u00fan tibur\u00f3n ballena.<\/p>\n","protected":false},"featured_media":2840,"template":"","meta":[],"product_brand":[],"product_cat":[103],"product_tag":[],"class_list":{"0":"post-5376","1":"product","2":"type-product","3":"status-publish","4":"has-post-thumbnail","6":"product_cat-visita-es","8":"first","9":"instock","10":"virtual","11":"purchasable","12":"product-type-tour"},"_links":{"self":[{"href":"https:\/\/staging.silentdivers.com\/es\/wp-json\/wp\/v2\/product\/5376","targetHints":{"allow":["GET"]}}],"collection":[{"href":"https:\/\/staging.silentdivers.com\/es\/wp-json\/wp\/v2\/product"}],"about":[{"href":"https:\/\/staging.silentdivers.com\/es\/wp-json\/wp\/v2\/types\/product"}],"version-history":[{"count":1,"href":"https:\/\/staging.silentdivers.com\/es\/wp-json\/wp\/v2\/product\/5376\/revisions"}],"predecessor-version":[{"id":5410,"href":"https:\/\/staging.silentdivers.com\/es\/wp-json\/wp\/v2\/product\/5376\/revisions\/5410"}],"wp:featuredmedia":[{"embeddable":true,"href":"https:\/\/staging.silentdivers.com\/es\/wp-json\/wp\/v2\/media\/2840"}],"wp:attachment":[{"href":"https:\/\/staging.silentdivers.com\/es\/wp-json\/wp\/v2\/media?parent=5376"}],"wp:term":[{"taxonomy":"product_brand","embeddable":true,"href":"https:\/\/staging.silentdivers.com\/es\/wp-json\/wp\/v2\/product_brand?post=5376"},{"taxonomy":"product_cat","embeddable":true,"href":"https:\/\/staging.silentdivers.com\/es\/wp-json\/wp\/v2\/product_cat?post=5376"},{"taxonomy":"product_tag","embeddable":true,"href":"https:\/\/staging.silentdivers.com\/es\/wp-json\/wp\/v2\/product_tag?post=5376"}],"curies":[{"name":"wp","href":"https:\/\/api.w.org\/{rel}","templated":true}]}}