{"id":5444,"date":"2024-11-02T04:40:06","date_gmt":"2024-11-02T04:40:06","guid":{"rendered":"https:\/\/staging.silentdivers.com\/product\/buceador-de-aguas-abiertas-padi\/"},"modified":"2024-11-02T04:40:06","modified_gmt":"2024-11-02T04:40:06","slug":"buceador-de-aguas-abiertas-padi","status":"publish","type":"product","link":"https:\/\/staging.silentdivers.com\/es\/curso\/buceador-de-aguas-abiertas-padi\/","title":{"rendered":"Buceador de Aguas Abiertas PADI"},"content":{"rendered":"","protected":false},"excerpt":{"rendered":"<p>El curso PADI Open Water Diver de Silent Divers en Koh Samui, Tailandia, es nuestro curso para principiantes m\u00e1s popular. Completar este curso te permitir\u00e1 bucear hasta una profundidad m\u00e1xima de 18 metros con tu compa\u00f1ero, en cualquier parte del mundo. <\/p>\n","protected":false},"featured_media":2875,"template":"","meta":[],"product_brand":[],"product_cat":[135,134],"product_tag":[],"class_list":{"0":"post-5444","1":"product","2":"type-product","3":"status-publish","4":"has-post-thumbnail","6":"product_cat-curso","7":"product_cat-principiante","9":"first","10":"instock","11":"shipping-taxable","12":"purchasable","13":"product-type-course"},"_links":{"self":[{"href":"https:\/\/staging.silentdivers.com\/es\/wp-json\/wp\/v2\/product\/5444","targetHints":{"allow":["GET"]}}],"collection":[{"href":"https:\/\/staging.silentdivers.com\/es\/wp-json\/wp\/v2\/product"}],"about":[{"href":"https:\/\/staging.silentdivers.com\/es\/wp-json\/wp\/v2\/types\/product"}],"version-history":[{"count":0,"href":"https:\/\/staging.silentdivers.com\/es\/wp-json\/wp\/v2\/product\/5444\/revisions"}],"wp:featuredmedia":[{"embeddable":true,"href":"https:\/\/staging.silentdivers.com\/es\/wp-json\/wp\/v2\/media\/2875"}],"wp:attachment":[{"href":"https:\/\/staging.silentdivers.com\/es\/wp-json\/wp\/v2\/media?parent=5444"}],"wp:term":[{"taxonomy":"product_brand","embeddable":true,"href":"https:\/\/staging.silentdivers.com\/es\/wp-json\/wp\/v2\/product_brand?post=5444"},{"taxonomy":"product_cat","embeddable":true,"href":"https:\/\/staging.silentdivers.com\/es\/wp-json\/wp\/v2\/product_cat?post=5444"},{"taxonomy":"product_tag","embeddable":true,"href":"https:\/\/staging.silentdivers.com\/es\/wp-json\/wp\/v2\/product_tag?post=5444"}],"curies":[{"name":"wp","href":"https:\/\/api.w.org\/{rel}","templated":true}]}}