{"id":5464,"date":"2024-11-08T06:07:31","date_gmt":"2024-11-08T06:07:31","guid":{"rendered":"https:\/\/staging.silentdivers.com\/product\/excursion-de-buceo-a-chumphon\/"},"modified":"2024-11-08T06:07:31","modified_gmt":"2024-11-08T06:07:31","slug":"excursion-de-buceo-a-chumphon","status":"publish","type":"product","link":"https:\/\/staging.silentdivers.com\/es\/visita\/excursion-de-buceo-a-chumphon\/","title":{"rendered":"Excursi\u00f3n de buceo a Chumphon"},"content":{"rendered":"","protected":false},"excerpt":{"rendered":"<p>Chumphon, situado en el Golfo de Tailandia, es una joya oculta para los aficionados al submarinismo que buscan paisajes submarinos v\u00edrgenes. Conocido por sus pr\u00edstinos arrecifes de coral, su diversa vida marina y su excepcional visibilidad, Chumphon ofrece una tranquila escapada de los lugares de inmersi\u00f3n m\u00e1s concurridos, siendo tambi\u00e9n venerado como uno de los lugares m\u00e1s solicitados por los buceadores avanzados. <\/p>\n","protected":false},"featured_media":2825,"template":"","meta":[],"product_brand":[],"product_cat":[103],"product_tag":[],"class_list":{"0":"post-5464","1":"product","2":"type-product","3":"status-publish","4":"has-post-thumbnail","6":"product_cat-visita-es","8":"first","9":"instock","10":"virtual","11":"purchasable","12":"product-type-tour"},"_links":{"self":[{"href":"https:\/\/staging.silentdivers.com\/es\/wp-json\/wp\/v2\/product\/5464","targetHints":{"allow":["GET"]}}],"collection":[{"href":"https:\/\/staging.silentdivers.com\/es\/wp-json\/wp\/v2\/product"}],"about":[{"href":"https:\/\/staging.silentdivers.com\/es\/wp-json\/wp\/v2\/types\/product"}],"version-history":[{"count":0,"href":"https:\/\/staging.silentdivers.com\/es\/wp-json\/wp\/v2\/product\/5464\/revisions"}],"wp:featuredmedia":[{"embeddable":true,"href":"https:\/\/staging.silentdivers.com\/es\/wp-json\/wp\/v2\/media\/2825"}],"wp:attachment":[{"href":"https:\/\/staging.silentdivers.com\/es\/wp-json\/wp\/v2\/media?parent=5464"}],"wp:term":[{"taxonomy":"product_brand","embeddable":true,"href":"https:\/\/staging.silentdivers.com\/es\/wp-json\/wp\/v2\/product_brand?post=5464"},{"taxonomy":"product_cat","embeddable":true,"href":"https:\/\/staging.silentdivers.com\/es\/wp-json\/wp\/v2\/product_cat?post=5464"},{"taxonomy":"product_tag","embeddable":true,"href":"https:\/\/staging.silentdivers.com\/es\/wp-json\/wp\/v2\/product_tag?post=5464"}],"curies":[{"name":"wp","href":"https:\/\/api.w.org\/{rel}","templated":true}]}}