{"id":5482,"date":"2024-11-08T08:38:37","date_gmt":"2024-11-08T08:38:37","guid":{"rendered":"https:\/\/staging.silentdivers.com\/product\/excursion-de-snorkel-ang-thong\/"},"modified":"2024-11-08T08:38:37","modified_gmt":"2024-11-08T08:38:37","slug":"excursion-de-snorkel-ang-thong","status":"publish","type":"product","link":"https:\/\/staging.silentdivers.com\/es\/visita\/excursion-de-snorkel-ang-thong\/","title":{"rendered":"Excursi\u00f3n de snorkel Ang Thong"},"content":{"rendered":"","protected":false},"excerpt":{"rendered":"<p>El Parque Nacional Marino de Ang Thong, en Tailandia, es el sue\u00f1o de cualquier buceador, con 42 islas v\u00edrgenes de aguas cristalinas y pr\u00f3speros arrecifes de coral. Desde la intrincada belleza de los corales duros y blandos hasta la gr\u00e1cil presencia de serpientes de mar con bandas, peces loro, peces napole\u00f3n, rayas, morenas y peces mariposa, las islas de Ang Thong prometen una experiencia de buceo envolvente e inolvidable. <\/p>\n","protected":false},"featured_media":3085,"template":"","meta":[],"product_brand":[],"product_cat":[220,103],"product_tag":[],"class_list":{"0":"post-5482","1":"product","2":"type-product","3":"status-publish","4":"has-post-thumbnail","6":"product_cat-esnorquel","7":"product_cat-visita-es","9":"first","10":"instock","11":"virtual","12":"purchasable","13":"product-type-tour"},"_links":{"self":[{"href":"https:\/\/staging.silentdivers.com\/es\/wp-json\/wp\/v2\/product\/5482","targetHints":{"allow":["GET"]}}],"collection":[{"href":"https:\/\/staging.silentdivers.com\/es\/wp-json\/wp\/v2\/product"}],"about":[{"href":"https:\/\/staging.silentdivers.com\/es\/wp-json\/wp\/v2\/types\/product"}],"version-history":[{"count":0,"href":"https:\/\/staging.silentdivers.com\/es\/wp-json\/wp\/v2\/product\/5482\/revisions"}],"wp:featuredmedia":[{"embeddable":true,"href":"https:\/\/staging.silentdivers.com\/es\/wp-json\/wp\/v2\/media\/3085"}],"wp:attachment":[{"href":"https:\/\/staging.silentdivers.com\/es\/wp-json\/wp\/v2\/media?parent=5482"}],"wp:term":[{"taxonomy":"product_brand","embeddable":true,"href":"https:\/\/staging.silentdivers.com\/es\/wp-json\/wp\/v2\/product_brand?post=5482"},{"taxonomy":"product_cat","embeddable":true,"href":"https:\/\/staging.silentdivers.com\/es\/wp-json\/wp\/v2\/product_cat?post=5482"},{"taxonomy":"product_tag","embeddable":true,"href":"https:\/\/staging.silentdivers.com\/es\/wp-json\/wp\/v2\/product_tag?post=5482"}],"curies":[{"name":"wp","href":"https:\/\/api.w.org\/{rel}","templated":true}]}}