{"id":5487,"date":"2024-11-05T08:46:45","date_gmt":"2024-11-05T08:46:45","guid":{"rendered":"https:\/\/staging.silentdivers.com\/product\/buceador-avanzado-en-aguas-abiertas-padi\/"},"modified":"2024-11-05T08:46:45","modified_gmt":"2024-11-05T08:46:45","slug":"buceador-avanzado-en-aguas-abiertas-padi","status":"publish","type":"product","link":"https:\/\/staging.silentdivers.com\/es\/curso\/buceador-avanzado-en-aguas-abiertas-padi\/","title":{"rendered":"Buceador Avanzado en Aguas Abiertas PADI"},"content":{"rendered":"","protected":false},"excerpt":{"rendered":"<p><strong>El curso PADI de Buceador Avanzado de Aguas<\/strong> Abiertas est\u00e1 dise\u00f1ado para llevar a los buceadores certificados m\u00e1s all\u00e1 de lo b\u00e1sico, ayud\u00e1ndoles a adquirir nuevas habilidades, bucear a mayor profundidad y experimentar diferentes tipos de entornos. Este curso es perfecto para buceadores de aguas abiertas que deseen aumentar sus habilidades y superar sus l\u00edmites de forma segura bajo la direcci\u00f3n de un instructor PADI certificado. <\/p>\n","protected":false},"featured_media":2910,"template":"","meta":[],"product_brand":[],"product_cat":[221,135],"product_tag":[],"class_list":{"0":"post-5487","1":"product","2":"type-product","3":"status-publish","4":"has-post-thumbnail","6":"product_cat-avanzado","7":"product_cat-curso","9":"first","10":"instock","11":"shipping-taxable","12":"purchasable","13":"product-type-course"},"_links":{"self":[{"href":"https:\/\/staging.silentdivers.com\/es\/wp-json\/wp\/v2\/product\/5487","targetHints":{"allow":["GET"]}}],"collection":[{"href":"https:\/\/staging.silentdivers.com\/es\/wp-json\/wp\/v2\/product"}],"about":[{"href":"https:\/\/staging.silentdivers.com\/es\/wp-json\/wp\/v2\/types\/product"}],"version-history":[{"count":0,"href":"https:\/\/staging.silentdivers.com\/es\/wp-json\/wp\/v2\/product\/5487\/revisions"}],"wp:featuredmedia":[{"embeddable":true,"href":"https:\/\/staging.silentdivers.com\/es\/wp-json\/wp\/v2\/media\/2910"}],"wp:attachment":[{"href":"https:\/\/staging.silentdivers.com\/es\/wp-json\/wp\/v2\/media?parent=5487"}],"wp:term":[{"taxonomy":"product_brand","embeddable":true,"href":"https:\/\/staging.silentdivers.com\/es\/wp-json\/wp\/v2\/product_brand?post=5487"},{"taxonomy":"product_cat","embeddable":true,"href":"https:\/\/staging.silentdivers.com\/es\/wp-json\/wp\/v2\/product_cat?post=5487"},{"taxonomy":"product_tag","embeddable":true,"href":"https:\/\/staging.silentdivers.com\/es\/wp-json\/wp\/v2\/product_tag?post=5487"}],"curies":[{"name":"wp","href":"https:\/\/api.w.org\/{rel}","templated":true}]}}