{"id":5501,"date":"2024-11-06T09:15:45","date_gmt":"2024-11-06T09:15:45","guid":{"rendered":"https:\/\/staging.silentdivers.com\/product\/buceador-padi-de-aire-enriquecido-eanx\/"},"modified":"2024-11-06T09:15:45","modified_gmt":"2024-11-06T09:15:45","slug":"buceador-padi-de-aire-enriquecido-eanx","status":"publish","type":"product","link":"https:\/\/staging.silentdivers.com\/es\/curso\/buceador-padi-de-aire-enriquecido-eanx\/","title":{"rendered":"Buceador PADI de Aire Enriquecido (EANx)"},"content":{"rendered":"","protected":false},"excerpt":{"rendered":"<p>El <strong>curso PADI de Buceador con Aire Enriquecido , tambi\u00e9n conocido como curso Nitrox<\/strong> es la certificaci\u00f3n de especialidad PADI m\u00e1s popular, , te ense\u00f1a a bucear con aire enriquecido (aire con un mayor contenido de ox\u00edgeno y menos nitr\u00f3geno que el aire normal). Esto puede ampliar tu tiempo de fondo y reducir la acumulaci\u00f3n de nitr\u00f3geno en tu cuerpo. \u00a1Puedes conseguir m\u00e1s tiempo de fondo, disfrutar de intervalos de superficie m\u00e1s cortos y bucear m\u00e1s tiempo y m\u00e1s fresco en cada aventura!  <\/p>\n","protected":false},"featured_media":2975,"template":"","meta":[],"product_brand":[],"product_cat":[135,226],"product_tag":[],"class_list":{"0":"post-5501","1":"product","2":"type-product","3":"status-publish","4":"has-post-thumbnail","6":"product_cat-curso","7":"product_cat-especialidad","9":"first","10":"instock","11":"shipping-taxable","12":"purchasable","13":"product-type-course"},"_links":{"self":[{"href":"https:\/\/staging.silentdivers.com\/es\/wp-json\/wp\/v2\/product\/5501","targetHints":{"allow":["GET"]}}],"collection":[{"href":"https:\/\/staging.silentdivers.com\/es\/wp-json\/wp\/v2\/product"}],"about":[{"href":"https:\/\/staging.silentdivers.com\/es\/wp-json\/wp\/v2\/types\/product"}],"version-history":[{"count":0,"href":"https:\/\/staging.silentdivers.com\/es\/wp-json\/wp\/v2\/product\/5501\/revisions"}],"wp:featuredmedia":[{"embeddable":true,"href":"https:\/\/staging.silentdivers.com\/es\/wp-json\/wp\/v2\/media\/2975"}],"wp:attachment":[{"href":"https:\/\/staging.silentdivers.com\/es\/wp-json\/wp\/v2\/media?parent=5501"}],"wp:term":[{"taxonomy":"product_brand","embeddable":true,"href":"https:\/\/staging.silentdivers.com\/es\/wp-json\/wp\/v2\/product_brand?post=5501"},{"taxonomy":"product_cat","embeddable":true,"href":"https:\/\/staging.silentdivers.com\/es\/wp-json\/wp\/v2\/product_cat?post=5501"},{"taxonomy":"product_tag","embeddable":true,"href":"https:\/\/staging.silentdivers.com\/es\/wp-json\/wp\/v2\/product_tag?post=5501"}],"curies":[{"name":"wp","href":"https:\/\/api.w.org\/{rel}","templated":true}]}}