{"id":5510,"date":"2024-11-06T07:57:54","date_gmt":"2024-11-06T07:57:54","guid":{"rendered":"https:\/\/staging.silentdivers.com\/product\/buceador-de-rescate-padi\/"},"modified":"2024-11-06T07:57:54","modified_gmt":"2024-11-06T07:57:54","slug":"buceador-de-rescate-padi","status":"publish","type":"product","link":"https:\/\/staging.silentdivers.com\/es\/curso\/buceador-de-rescate-padi\/","title":{"rendered":"Buceador de Rescate PADI"},"content":{"rendered":"","protected":false},"excerpt":{"rendered":"<p>La <strong>certificaci\u00f3n PADI de Buceador de Rescate<\/strong> va m\u00e1s all\u00e1 de las habilidades b\u00e1sicas de buceo, introduci\u00e9ndote en t\u00e9cnicas avanzadas de seguridad y rescate, equip\u00e1ndote con los conocimientos necesarios para ayudarte a ti mismo y a otros buceadores. Aumentar\u00e1 la confianza del buceador, aprender\u00e1 a reconocer y responder a emergencias relacionadas con el buceo, y se convertir\u00e1 en un mejor compa\u00f1ero de inmersi\u00f3n. <\/p>\n","protected":false},"featured_media":2955,"template":"","meta":[],"product_brand":[],"product_cat":[221,135],"product_tag":[],"class_list":{"0":"post-5510","1":"product","2":"type-product","3":"status-publish","4":"has-post-thumbnail","6":"product_cat-avanzado","7":"product_cat-curso","9":"first","10":"instock","11":"shipping-taxable","12":"purchasable","13":"product-type-course"},"_links":{"self":[{"href":"https:\/\/staging.silentdivers.com\/es\/wp-json\/wp\/v2\/product\/5510","targetHints":{"allow":["GET"]}}],"collection":[{"href":"https:\/\/staging.silentdivers.com\/es\/wp-json\/wp\/v2\/product"}],"about":[{"href":"https:\/\/staging.silentdivers.com\/es\/wp-json\/wp\/v2\/types\/product"}],"version-history":[{"count":0,"href":"https:\/\/staging.silentdivers.com\/es\/wp-json\/wp\/v2\/product\/5510\/revisions"}],"wp:featuredmedia":[{"embeddable":true,"href":"https:\/\/staging.silentdivers.com\/es\/wp-json\/wp\/v2\/media\/2955"}],"wp:attachment":[{"href":"https:\/\/staging.silentdivers.com\/es\/wp-json\/wp\/v2\/media?parent=5510"}],"wp:term":[{"taxonomy":"product_brand","embeddable":true,"href":"https:\/\/staging.silentdivers.com\/es\/wp-json\/wp\/v2\/product_brand?post=5510"},{"taxonomy":"product_cat","embeddable":true,"href":"https:\/\/staging.silentdivers.com\/es\/wp-json\/wp\/v2\/product_cat?post=5510"},{"taxonomy":"product_tag","embeddable":true,"href":"https:\/\/staging.silentdivers.com\/es\/wp-json\/wp\/v2\/product_tag?post=5510"}],"curies":[{"name":"wp","href":"https:\/\/api.w.org\/{rel}","templated":true}]}}