{"id":5511,"date":"2024-11-06T08:53:22","date_gmt":"2024-11-06T08:53:22","guid":{"rendered":"https:\/\/staging.silentdivers.com\/product\/primer-interviniente-en-emergencias\/"},"modified":"2024-11-06T08:53:22","modified_gmt":"2024-11-06T08:53:22","slug":"primer-interviniente-en-emergencias","status":"publish","type":"product","link":"https:\/\/staging.silentdivers.com\/es\/curso\/primer-interviniente-en-emergencias\/","title":{"rendered":"Primer interviniente en emergencias"},"content":{"rendered":"","protected":false},"excerpt":{"rendered":"<p>El <strong>curso Emergency First Responder (EFR)<\/strong> es un programa de formaci\u00f3n integral dise\u00f1ado para darte confianza y competencia en el manejo de emergencias m\u00e9dicas, desde incidentes menores a situaciones cr\u00edticas. Te proporciona formaci\u00f3n pr\u00e1ctica en <strong>Atenci\u00f3n Primaria (RCP)<\/strong>, <strong>Atenci\u00f3n Secundaria (Primeros Auxilios)<\/strong> <\/p>\n","protected":false},"featured_media":2960,"template":"","meta":[],"product_brand":[],"product_cat":[221,135],"product_tag":[],"class_list":{"0":"post-5511","1":"product","2":"type-product","3":"status-publish","4":"has-post-thumbnail","6":"product_cat-avanzado","7":"product_cat-curso","9":"first","10":"instock","11":"shipping-taxable","12":"purchasable","13":"product-type-course"},"_links":{"self":[{"href":"https:\/\/staging.silentdivers.com\/es\/wp-json\/wp\/v2\/product\/5511","targetHints":{"allow":["GET"]}}],"collection":[{"href":"https:\/\/staging.silentdivers.com\/es\/wp-json\/wp\/v2\/product"}],"about":[{"href":"https:\/\/staging.silentdivers.com\/es\/wp-json\/wp\/v2\/types\/product"}],"version-history":[{"count":0,"href":"https:\/\/staging.silentdivers.com\/es\/wp-json\/wp\/v2\/product\/5511\/revisions"}],"wp:featuredmedia":[{"embeddable":true,"href":"https:\/\/staging.silentdivers.com\/es\/wp-json\/wp\/v2\/media\/2960"}],"wp:attachment":[{"href":"https:\/\/staging.silentdivers.com\/es\/wp-json\/wp\/v2\/media?parent=5511"}],"wp:term":[{"taxonomy":"product_brand","embeddable":true,"href":"https:\/\/staging.silentdivers.com\/es\/wp-json\/wp\/v2\/product_brand?post=5511"},{"taxonomy":"product_cat","embeddable":true,"href":"https:\/\/staging.silentdivers.com\/es\/wp-json\/wp\/v2\/product_cat?post=5511"},{"taxonomy":"product_tag","embeddable":true,"href":"https:\/\/staging.silentdivers.com\/es\/wp-json\/wp\/v2\/product_tag?post=5511"}],"curies":[{"name":"wp","href":"https:\/\/api.w.org\/{rel}","templated":true}]}}