{"id":5379,"date":"2024-11-02T03:34:32","date_gmt":"2024-11-02T03:34:32","guid":{"rendered":"https:\/\/staging.silentdivers.com\/product\/padi-discover-scuba\/"},"modified":"2025-03-29T06:20:11","modified_gmt":"2025-03-29T06:20:11","slug":"padi-discover-scuba","status":"publish","type":"product","link":"https:\/\/staging.silentdivers.com\/fr\/cours\/padi-discover-scuba\/","title":{"rendered":"PADI Discover Scuba"},"content":{"rendered":"","protected":false},"excerpt":{"rendered":"<p>Le programme PADI Discover Scuba Diving (DSD) est une exp\u00e9rience d&rsquo;une journ\u00e9e qui vous permet de plonger en eau libre sans certification pr\u00e9alable. Il est id\u00e9al pour les d\u00e9butants qui veulent savoir si la plong\u00e9e est faite pour eux, ou pour ceux qui veulent simplement go\u00fbter \u00e0 l&rsquo;aventure sous-marine pendant leurs vacances \u00e0 Koh Samui.<\/p>\n","protected":false},"featured_media":2848,"template":"","meta":[],"product_brand":[],"product_cat":[114,113],"product_tag":[],"class_list":{"0":"post-5379","1":"product","2":"type-product","3":"status-publish","4":"has-post-thumbnail","6":"product_cat-cours","7":"product_cat-debutant","9":"first","10":"instock","11":"shipping-taxable","12":"purchasable","13":"product-type-course"},"_links":{"self":[{"href":"https:\/\/staging.silentdivers.com\/fr\/wp-json\/wp\/v2\/product\/5379","targetHints":{"allow":["GET"]}}],"collection":[{"href":"https:\/\/staging.silentdivers.com\/fr\/wp-json\/wp\/v2\/product"}],"about":[{"href":"https:\/\/staging.silentdivers.com\/fr\/wp-json\/wp\/v2\/types\/product"}],"version-history":[{"count":1,"href":"https:\/\/staging.silentdivers.com\/fr\/wp-json\/wp\/v2\/product\/5379\/revisions"}],"predecessor-version":[{"id":5412,"href":"https:\/\/staging.silentdivers.com\/fr\/wp-json\/wp\/v2\/product\/5379\/revisions\/5412"}],"wp:featuredmedia":[{"embeddable":true,"href":"https:\/\/staging.silentdivers.com\/fr\/wp-json\/wp\/v2\/media\/2848"}],"wp:attachment":[{"href":"https:\/\/staging.silentdivers.com\/fr\/wp-json\/wp\/v2\/media?parent=5379"}],"wp:term":[{"taxonomy":"product_brand","embeddable":true,"href":"https:\/\/staging.silentdivers.com\/fr\/wp-json\/wp\/v2\/product_brand?post=5379"},{"taxonomy":"product_cat","embeddable":true,"href":"https:\/\/staging.silentdivers.com\/fr\/wp-json\/wp\/v2\/product_cat?post=5379"},{"taxonomy":"product_tag","embeddable":true,"href":"https:\/\/staging.silentdivers.com\/fr\/wp-json\/wp\/v2\/product_tag?post=5379"}],"curies":[{"name":"wp","href":"https:\/\/api.w.org\/{rel}","templated":true}]}}