{"id":5381,"date":"2024-11-02T00:18:36","date_gmt":"2024-11-02T00:18:36","guid":{"rendered":"https:\/\/staging.silentdivers.com\/product\/tour-de-plongee-sail-rock\/"},"modified":"2025-03-29T06:12:01","modified_gmt":"2025-03-29T06:12:01","slug":"tour-de-plongee-sail-rock","status":"publish","type":"product","link":"https:\/\/staging.silentdivers.com\/fr\/tourn\u00e9e\/tour-de-plongee-sail-rock\/","title":{"rendered":"Tour de plong\u00e9e Sail Rock"},"content":{"rendered":"","protected":false},"excerpt":{"rendered":"<p>Ce rocher embl\u00e9matique en forme de pinacle est une v\u00e9ritable oasis marine, r\u00e9put\u00e9e pour sa riche biodiversit\u00e9, depuis les bancs massifs de barracudas \u00e0 chevron, de carangues \u00e0 gros yeux et de carangues jusqu&rsquo;aux apparitions \u00e9tonnantes de poissons-rois, de poissons-bo\u00eetes jaunes, de mur\u00e8nes et m\u00eame, \u00e0 l&rsquo;occasion, de requins-baleines.<\/p>\n","protected":false},"featured_media":2838,"template":"","meta":[],"product_brand":[],"product_cat":[101],"product_tag":[],"class_list":{"0":"post-5381","1":"product","2":"type-product","3":"status-publish","4":"has-post-thumbnail","6":"product_cat-tour-fr","8":"first","9":"instock","10":"virtual","11":"purchasable","12":"product-type-tour"},"_links":{"self":[{"href":"https:\/\/staging.silentdivers.com\/fr\/wp-json\/wp\/v2\/product\/5381","targetHints":{"allow":["GET"]}}],"collection":[{"href":"https:\/\/staging.silentdivers.com\/fr\/wp-json\/wp\/v2\/product"}],"about":[{"href":"https:\/\/staging.silentdivers.com\/fr\/wp-json\/wp\/v2\/types\/product"}],"version-history":[{"count":1,"href":"https:\/\/staging.silentdivers.com\/fr\/wp-json\/wp\/v2\/product\/5381\/revisions"}],"predecessor-version":[{"id":5407,"href":"https:\/\/staging.silentdivers.com\/fr\/wp-json\/wp\/v2\/product\/5381\/revisions\/5407"}],"wp:featuredmedia":[{"embeddable":true,"href":"https:\/\/staging.silentdivers.com\/fr\/wp-json\/wp\/v2\/media\/2838"}],"wp:attachment":[{"href":"https:\/\/staging.silentdivers.com\/fr\/wp-json\/wp\/v2\/media?parent=5381"}],"wp:term":[{"taxonomy":"product_brand","embeddable":true,"href":"https:\/\/staging.silentdivers.com\/fr\/wp-json\/wp\/v2\/product_brand?post=5381"},{"taxonomy":"product_cat","embeddable":true,"href":"https:\/\/staging.silentdivers.com\/fr\/wp-json\/wp\/v2\/product_cat?post=5381"},{"taxonomy":"product_tag","embeddable":true,"href":"https:\/\/staging.silentdivers.com\/fr\/wp-json\/wp\/v2\/product_tag?post=5381"}],"curies":[{"name":"wp","href":"https:\/\/api.w.org\/{rel}","templated":true}]}}