{"id":5442,"date":"2024-11-02T04:40:06","date_gmt":"2024-11-02T04:40:06","guid":{"rendered":"https:\/\/staging.silentdivers.com\/product\/padi-open-water-diver\/"},"modified":"2024-11-02T04:40:06","modified_gmt":"2024-11-02T04:40:06","slug":"padi-open-water-diver","status":"publish","type":"product","link":"https:\/\/staging.silentdivers.com\/fr\/cours\/padi-open-water-diver\/","title":{"rendered":"PADI Open Water Diver"},"content":{"rendered":"","protected":false},"excerpt":{"rendered":"<p>Le cours PADI Open Water Diver \u00e0 Silent Divers \u00e0 Koh Samui, Tha\u00eflande, est notre cours d&rsquo;initiation le plus populaire. Ce cours vous permettra de plonger jusqu&rsquo;\u00e0 une profondeur maximale de 18 m\u00e8tres avec votre bin\u00f4me, n&rsquo;importe o\u00f9 dans le monde. <\/p>\n","protected":false},"featured_media":2873,"template":"","meta":[],"product_brand":[],"product_cat":[114,113],"product_tag":[],"class_list":{"0":"post-5442","1":"product","2":"type-product","3":"status-publish","4":"has-post-thumbnail","6":"product_cat-cours","7":"product_cat-debutant","9":"first","10":"instock","11":"shipping-taxable","12":"purchasable","13":"product-type-course"},"_links":{"self":[{"href":"https:\/\/staging.silentdivers.com\/fr\/wp-json\/wp\/v2\/product\/5442","targetHints":{"allow":["GET"]}}],"collection":[{"href":"https:\/\/staging.silentdivers.com\/fr\/wp-json\/wp\/v2\/product"}],"about":[{"href":"https:\/\/staging.silentdivers.com\/fr\/wp-json\/wp\/v2\/types\/product"}],"version-history":[{"count":0,"href":"https:\/\/staging.silentdivers.com\/fr\/wp-json\/wp\/v2\/product\/5442\/revisions"}],"wp:featuredmedia":[{"embeddable":true,"href":"https:\/\/staging.silentdivers.com\/fr\/wp-json\/wp\/v2\/media\/2873"}],"wp:attachment":[{"href":"https:\/\/staging.silentdivers.com\/fr\/wp-json\/wp\/v2\/media?parent=5442"}],"wp:term":[{"taxonomy":"product_brand","embeddable":true,"href":"https:\/\/staging.silentdivers.com\/fr\/wp-json\/wp\/v2\/product_brand?post=5442"},{"taxonomy":"product_cat","embeddable":true,"href":"https:\/\/staging.silentdivers.com\/fr\/wp-json\/wp\/v2\/product_cat?post=5442"},{"taxonomy":"product_tag","embeddable":true,"href":"https:\/\/staging.silentdivers.com\/fr\/wp-json\/wp\/v2\/product_tag?post=5442"}],"curies":[{"name":"wp","href":"https:\/\/api.w.org\/{rel}","templated":true}]}}