{"id":5449,"date":"2024-11-08T06:47:20","date_gmt":"2024-11-08T06:47:20","guid":{"rendered":"https:\/\/staging.silentdivers.com\/product\/tour-de-plongee-en-charter-prive\/"},"modified":"2024-11-08T06:47:20","modified_gmt":"2024-11-08T06:47:20","slug":"tour-de-plongee-en-charter-prive","status":"publish","type":"product","link":"https:\/\/staging.silentdivers.com\/fr\/tourn\u00e9e\/tour-de-plongee-en-charter-prive\/","title":{"rendered":"Tour de plong\u00e9e en charter priv\u00e9"},"content":{"rendered":"","protected":false},"excerpt":{"rendered":"<p>Le charter priv\u00e9 vous permet de personnaliser votre itin\u00e9raire, de choisir vos sites de plong\u00e9e ou de snorkeling pr\u00e9f\u00e9r\u00e9s et d&rsquo;explorer le golfe de Tha\u00eflande \u00e0 votre propre rythme. Parfait pour les familles, les amis ou les couples, ce voyage personnalis\u00e9 vous offre intimit\u00e9, flexibilit\u00e9 et un \u00e9quipage d\u00e9vou\u00e9 pour vous garantir une exp\u00e9rience inoubliable. <\/p>\n","protected":false},"featured_media":3098,"template":"","meta":[],"product_brand":[],"product_cat":[101],"product_tag":[],"class_list":{"0":"post-5449","1":"product","2":"type-product","3":"status-publish","4":"has-post-thumbnail","6":"product_cat-tour-fr","8":"first","9":"instock","10":"virtual","11":"product-type-tour"},"_links":{"self":[{"href":"https:\/\/staging.silentdivers.com\/fr\/wp-json\/wp\/v2\/product\/5449","targetHints":{"allow":["GET"]}}],"collection":[{"href":"https:\/\/staging.silentdivers.com\/fr\/wp-json\/wp\/v2\/product"}],"about":[{"href":"https:\/\/staging.silentdivers.com\/fr\/wp-json\/wp\/v2\/types\/product"}],"version-history":[{"count":0,"href":"https:\/\/staging.silentdivers.com\/fr\/wp-json\/wp\/v2\/product\/5449\/revisions"}],"wp:featuredmedia":[{"embeddable":true,"href":"https:\/\/staging.silentdivers.com\/fr\/wp-json\/wp\/v2\/media\/3098"}],"wp:attachment":[{"href":"https:\/\/staging.silentdivers.com\/fr\/wp-json\/wp\/v2\/media?parent=5449"}],"wp:term":[{"taxonomy":"product_brand","embeddable":true,"href":"https:\/\/staging.silentdivers.com\/fr\/wp-json\/wp\/v2\/product_brand?post=5449"},{"taxonomy":"product_cat","embeddable":true,"href":"https:\/\/staging.silentdivers.com\/fr\/wp-json\/wp\/v2\/product_cat?post=5449"},{"taxonomy":"product_tag","embeddable":true,"href":"https:\/\/staging.silentdivers.com\/fr\/wp-json\/wp\/v2\/product_tag?post=5449"}],"curies":[{"name":"wp","href":"https:\/\/api.w.org\/{rel}","templated":true}]}}