{"id":5458,"date":"2024-11-07T05:17:46","date_gmt":"2024-11-07T05:17:46","guid":{"rendered":"https:\/\/staging.silentdivers.com\/product\/excursion-de-plongee-a-koh-tao\/"},"modified":"2024-11-07T05:17:46","modified_gmt":"2024-11-07T05:17:46","slug":"excursion-de-plongee-a-koh-tao","status":"publish","type":"product","link":"https:\/\/staging.silentdivers.com\/fr\/tourn\u00e9e\/excursion-de-plongee-a-koh-tao\/","title":{"rendered":"Excursion de plong\u00e9e \u00e0 Koh Tao"},"content":{"rendered":"","protected":false},"excerpt":{"rendered":"<p>Koh Tao, en Tha\u00eflande, est une destination de plong\u00e9e sous-marine de renomm\u00e9e mondiale qui s\u00e9duit les plongeurs par ses eaux chaudes et claires, sa riche biodiversit\u00e9 marine et la diversit\u00e9 de ses sites de plong\u00e9e. Connue sous le nom d'\u00a0\u00bb\u00eele de la Tortue\u00a0\u00bb, Koh Tao offre des r\u00e9cifs coralliens \u00e9poustouflants, une vie marine florissante, des r\u00e9cifs color\u00e9s regorgeant de poissons tropicaux aux sites avanc\u00e9s o\u00f9 \u00e9volue la pr\u00e9sence palpitante de requins-baleines \u00e0 pointe noire et de barracudas, avec une excellente visibilit\u00e9, ce qui en fait une destination id\u00e9ale pour les d\u00e9butants comme pour les plongeurs chevronn\u00e9s. <\/p>\n","protected":false},"featured_media":3008,"template":"","meta":[],"product_brand":[],"product_cat":[101],"product_tag":[],"class_list":{"0":"post-5458","1":"product","2":"type-product","3":"status-publish","4":"has-post-thumbnail","6":"product_cat-tour-fr","8":"first","9":"instock","10":"virtual","11":"purchasable","12":"product-type-tour"},"_links":{"self":[{"href":"https:\/\/staging.silentdivers.com\/fr\/wp-json\/wp\/v2\/product\/5458","targetHints":{"allow":["GET"]}}],"collection":[{"href":"https:\/\/staging.silentdivers.com\/fr\/wp-json\/wp\/v2\/product"}],"about":[{"href":"https:\/\/staging.silentdivers.com\/fr\/wp-json\/wp\/v2\/types\/product"}],"version-history":[{"count":0,"href":"https:\/\/staging.silentdivers.com\/fr\/wp-json\/wp\/v2\/product\/5458\/revisions"}],"wp:featuredmedia":[{"embeddable":true,"href":"https:\/\/staging.silentdivers.com\/fr\/wp-json\/wp\/v2\/media\/3008"}],"wp:attachment":[{"href":"https:\/\/staging.silentdivers.com\/fr\/wp-json\/wp\/v2\/media?parent=5458"}],"wp:term":[{"taxonomy":"product_brand","embeddable":true,"href":"https:\/\/staging.silentdivers.com\/fr\/wp-json\/wp\/v2\/product_brand?post=5458"},{"taxonomy":"product_cat","embeddable":true,"href":"https:\/\/staging.silentdivers.com\/fr\/wp-json\/wp\/v2\/product_cat?post=5458"},{"taxonomy":"product_tag","embeddable":true,"href":"https:\/\/staging.silentdivers.com\/fr\/wp-json\/wp\/v2\/product_tag?post=5458"}],"curies":[{"name":"wp","href":"https:\/\/api.w.org\/{rel}","templated":true}]}}