{"id":5467,"date":"2024-11-07T05:18:46","date_gmt":"2024-11-07T05:18:46","guid":{"rendered":"https:\/\/staging.silentdivers.com\/product\/tour-de-plongee-a-ang-thong\/"},"modified":"2024-11-07T05:18:46","modified_gmt":"2024-11-07T05:18:46","slug":"tour-de-plongee-a-ang-thong","status":"publish","type":"product","link":"https:\/\/staging.silentdivers.com\/fr\/tourn\u00e9e\/tour-de-plongee-a-ang-thong\/","title":{"rendered":"Tour de plong\u00e9e \u00e0 Ang Thong"},"content":{"rendered":"","protected":false},"excerpt":{"rendered":"<p>Le parc marin national d&rsquo;Ang Thong, dans le golfe de Tha\u00eflande, est un joyau cach\u00e9 pour les plongeurs et les amoureux de la nature. Cet archipel prot\u00e9g\u00e9, compos\u00e9 de 42 \u00eeles, est r\u00e9put\u00e9 pour ses eaux cristallines, ses falaises calcaires spectaculaires et ses r\u00e9cifs coralliens \u00e9clatants. <\/p>\n","protected":false},"featured_media":3028,"template":"","meta":[],"product_brand":[],"product_cat":[101],"product_tag":[],"class_list":{"0":"post-5467","1":"product","2":"type-product","3":"status-publish","4":"has-post-thumbnail","6":"product_cat-tour-fr","8":"first","9":"instock","10":"virtual","11":"purchasable","12":"product-type-tour"},"_links":{"self":[{"href":"https:\/\/staging.silentdivers.com\/fr\/wp-json\/wp\/v2\/product\/5467","targetHints":{"allow":["GET"]}}],"collection":[{"href":"https:\/\/staging.silentdivers.com\/fr\/wp-json\/wp\/v2\/product"}],"about":[{"href":"https:\/\/staging.silentdivers.com\/fr\/wp-json\/wp\/v2\/types\/product"}],"version-history":[{"count":0,"href":"https:\/\/staging.silentdivers.com\/fr\/wp-json\/wp\/v2\/product\/5467\/revisions"}],"wp:featuredmedia":[{"embeddable":true,"href":"https:\/\/staging.silentdivers.com\/fr\/wp-json\/wp\/v2\/media\/3028"}],"wp:attachment":[{"href":"https:\/\/staging.silentdivers.com\/fr\/wp-json\/wp\/v2\/media?parent=5467"}],"wp:term":[{"taxonomy":"product_brand","embeddable":true,"href":"https:\/\/staging.silentdivers.com\/fr\/wp-json\/wp\/v2\/product_brand?post=5467"},{"taxonomy":"product_cat","embeddable":true,"href":"https:\/\/staging.silentdivers.com\/fr\/wp-json\/wp\/v2\/product_cat?post=5467"},{"taxonomy":"product_tag","embeddable":true,"href":"https:\/\/staging.silentdivers.com\/fr\/wp-json\/wp\/v2\/product_tag?post=5467"}],"curies":[{"name":"wp","href":"https:\/\/api.w.org\/{rel}","templated":true}]}}