{"id":5468,"date":"2024-11-08T06:07:31","date_gmt":"2024-11-08T06:07:31","guid":{"rendered":"https:\/\/staging.silentdivers.com\/product\/tour-de-plongee-a-chumphon\/"},"modified":"2024-11-08T06:07:31","modified_gmt":"2024-11-08T06:07:31","slug":"tour-de-plongee-a-chumphon","status":"publish","type":"product","link":"https:\/\/staging.silentdivers.com\/fr\/tourn\u00e9e\/tour-de-plongee-a-chumphon\/","title":{"rendered":"Tour de plong\u00e9e \u00e0 Chumphon"},"content":{"rendered":"","protected":false},"excerpt":{"rendered":"<p>Chumphon, situ\u00e9 dans le golfe de Tha\u00eflande, est un joyau cach\u00e9 pour les amateurs de plong\u00e9e sous-marine \u00e0 la recherche de paysages sous-marins intacts. Connue pour ses r\u00e9cifs coralliens immacul\u00e9s, sa vie marine diversifi\u00e9e et sa visibilit\u00e9 exceptionnelle, Chumphon offre une \u00e9chapp\u00e9e tranquille loin des sites de plong\u00e9e les plus fr\u00e9quent\u00e9s. Elle est \u00e9galement consid\u00e9r\u00e9e comme l&rsquo;un des sites les plus recherch\u00e9s par les plongeurs exp\u00e9riment\u00e9s. <\/p>\n","protected":false},"featured_media":2823,"template":"","meta":[],"product_brand":[],"product_cat":[101],"product_tag":[],"class_list":{"0":"post-5468","1":"product","2":"type-product","3":"status-publish","4":"has-post-thumbnail","6":"product_cat-tour-fr","8":"first","9":"instock","10":"virtual","11":"purchasable","12":"product-type-tour"},"_links":{"self":[{"href":"https:\/\/staging.silentdivers.com\/fr\/wp-json\/wp\/v2\/product\/5468","targetHints":{"allow":["GET"]}}],"collection":[{"href":"https:\/\/staging.silentdivers.com\/fr\/wp-json\/wp\/v2\/product"}],"about":[{"href":"https:\/\/staging.silentdivers.com\/fr\/wp-json\/wp\/v2\/types\/product"}],"version-history":[{"count":0,"href":"https:\/\/staging.silentdivers.com\/fr\/wp-json\/wp\/v2\/product\/5468\/revisions"}],"wp:featuredmedia":[{"embeddable":true,"href":"https:\/\/staging.silentdivers.com\/fr\/wp-json\/wp\/v2\/media\/2823"}],"wp:attachment":[{"href":"https:\/\/staging.silentdivers.com\/fr\/wp-json\/wp\/v2\/media?parent=5468"}],"wp:term":[{"taxonomy":"product_brand","embeddable":true,"href":"https:\/\/staging.silentdivers.com\/fr\/wp-json\/wp\/v2\/product_brand?post=5468"},{"taxonomy":"product_cat","embeddable":true,"href":"https:\/\/staging.silentdivers.com\/fr\/wp-json\/wp\/v2\/product_cat?post=5468"},{"taxonomy":"product_tag","embeddable":true,"href":"https:\/\/staging.silentdivers.com\/fr\/wp-json\/wp\/v2\/product_tag?post=5468"}],"curies":[{"name":"wp","href":"https:\/\/api.w.org\/{rel}","templated":true}]}}