{"id":5476,"date":"2024-11-08T08:38:37","date_gmt":"2024-11-08T08:38:37","guid":{"rendered":"https:\/\/staging.silentdivers.com\/product\/excursion-de-plongee-avec-masque-et-tuba-a-ang-thong\/"},"modified":"2024-11-08T08:38:37","modified_gmt":"2024-11-08T08:38:37","slug":"excursion-de-plongee-avec-masque-et-tuba-a-ang-thong","status":"publish","type":"product","link":"https:\/\/staging.silentdivers.com\/fr\/tourn\u00e9e\/excursion-de-plongee-avec-masque-et-tuba-a-ang-thong\/","title":{"rendered":"Excursion de plong\u00e9e avec masque et tuba \u00e0 Ang Thong"},"content":{"rendered":"","protected":false},"excerpt":{"rendered":"<p>Le parc national marin d&rsquo;Ang Thong, en Tha\u00eflande, est un r\u00eave pour les amateurs de plong\u00e9e avec tuba. Il comprend 42 \u00eeles vierges aux eaux cristallines et aux r\u00e9cifs coralliens florissants. De la beaut\u00e9 complexe des coraux durs et mous \u00e0 la pr\u00e9sence gracieuse des serpents de mer, des poissons-perroquets, des labres, des raies, des mur\u00e8nes et des poissons-papillons, les \u00eeles d&rsquo;Ang Thong vous promettent une exp\u00e9rience de plong\u00e9e immersive et inoubliable. <\/p>\n","protected":false},"featured_media":3083,"template":"","meta":[],"product_brand":[],"product_cat":[217,101],"product_tag":[],"class_list":{"0":"post-5476","1":"product","2":"type-product","3":"status-publish","4":"has-post-thumbnail","6":"product_cat-plongee-en-apnee","7":"product_cat-tour-fr","9":"first","10":"instock","11":"virtual","12":"purchasable","13":"product-type-tour"},"_links":{"self":[{"href":"https:\/\/staging.silentdivers.com\/fr\/wp-json\/wp\/v2\/product\/5476","targetHints":{"allow":["GET"]}}],"collection":[{"href":"https:\/\/staging.silentdivers.com\/fr\/wp-json\/wp\/v2\/product"}],"about":[{"href":"https:\/\/staging.silentdivers.com\/fr\/wp-json\/wp\/v2\/types\/product"}],"version-history":[{"count":0,"href":"https:\/\/staging.silentdivers.com\/fr\/wp-json\/wp\/v2\/product\/5476\/revisions"}],"wp:featuredmedia":[{"embeddable":true,"href":"https:\/\/staging.silentdivers.com\/fr\/wp-json\/wp\/v2\/media\/3083"}],"wp:attachment":[{"href":"https:\/\/staging.silentdivers.com\/fr\/wp-json\/wp\/v2\/media?parent=5476"}],"wp:term":[{"taxonomy":"product_brand","embeddable":true,"href":"https:\/\/staging.silentdivers.com\/fr\/wp-json\/wp\/v2\/product_brand?post=5476"},{"taxonomy":"product_cat","embeddable":true,"href":"https:\/\/staging.silentdivers.com\/fr\/wp-json\/wp\/v2\/product_cat?post=5476"},{"taxonomy":"product_tag","embeddable":true,"href":"https:\/\/staging.silentdivers.com\/fr\/wp-json\/wp\/v2\/product_tag?post=5476"}],"curies":[{"name":"wp","href":"https:\/\/api.w.org\/{rel}","templated":true}]}}