{"id":5485,"date":"2024-11-08T07:56:32","date_gmt":"2024-11-08T07:56:32","guid":{"rendered":"https:\/\/staging.silentdivers.com\/product\/excursion-de-plongee-avec-masque-et-tuba-a-koh-tao\/"},"modified":"2024-11-08T07:56:32","modified_gmt":"2024-11-08T07:56:32","slug":"excursion-de-plongee-avec-masque-et-tuba-a-koh-tao","status":"publish","type":"product","link":"https:\/\/staging.silentdivers.com\/fr\/tourn\u00e9e\/excursion-de-plongee-avec-masque-et-tuba-a-koh-tao\/","title":{"rendered":"Excursion de plong\u00e9e avec masque et tuba \u00e0 Koh Tao"},"content":{"rendered":"","protected":false},"excerpt":{"rendered":"<p>Koh Tao, en Tha\u00eflande, est une destination de choix pour la plong\u00e9e avec masque et tuba, connue pour ses eaux cristallines, ses r\u00e9cifs coralliens \u00e9clatants et sa vie marine abondante. Gr\u00e2ce \u00e0 un acc\u00e8s facile \u00e0 des baies peu profondes comme <strong>Shark Bay<\/strong> et <strong>Aow Leuk<\/strong>, vous pourrez nager aux c\u00f4t\u00e9s de tortues de mer, de poissons-anges, de fusiliers, de poissons-papillons, de raies pastenagues \u00e0 points bleus, de poissons tropicaux color\u00e9s et m\u00eame apercevoir d&rsquo;inoffensifs requins de r\u00e9cif \u00e0 pointes noires. <\/p>\n","protected":false},"featured_media":3063,"template":"","meta":[],"product_brand":[],"product_cat":[217,101],"product_tag":[],"class_list":{"0":"post-5485","1":"product","2":"type-product","3":"status-publish","4":"has-post-thumbnail","6":"product_cat-plongee-en-apnee","7":"product_cat-tour-fr","9":"first","10":"instock","11":"virtual","12":"purchasable","13":"product-type-tour"},"_links":{"self":[{"href":"https:\/\/staging.silentdivers.com\/fr\/wp-json\/wp\/v2\/product\/5485","targetHints":{"allow":["GET"]}}],"collection":[{"href":"https:\/\/staging.silentdivers.com\/fr\/wp-json\/wp\/v2\/product"}],"about":[{"href":"https:\/\/staging.silentdivers.com\/fr\/wp-json\/wp\/v2\/types\/product"}],"version-history":[{"count":0,"href":"https:\/\/staging.silentdivers.com\/fr\/wp-json\/wp\/v2\/product\/5485\/revisions"}],"wp:featuredmedia":[{"embeddable":true,"href":"https:\/\/staging.silentdivers.com\/fr\/wp-json\/wp\/v2\/media\/3063"}],"wp:attachment":[{"href":"https:\/\/staging.silentdivers.com\/fr\/wp-json\/wp\/v2\/media?parent=5485"}],"wp:term":[{"taxonomy":"product_brand","embeddable":true,"href":"https:\/\/staging.silentdivers.com\/fr\/wp-json\/wp\/v2\/product_brand?post=5485"},{"taxonomy":"product_cat","embeddable":true,"href":"https:\/\/staging.silentdivers.com\/fr\/wp-json\/wp\/v2\/product_cat?post=5485"},{"taxonomy":"product_tag","embeddable":true,"href":"https:\/\/staging.silentdivers.com\/fr\/wp-json\/wp\/v2\/product_tag?post=5485"}],"curies":[{"name":"wp","href":"https:\/\/api.w.org\/{rel}","templated":true}]}}