{"id":5490,"date":"2024-11-05T04:08:24","date_gmt":"2024-11-05T04:08:24","guid":{"rendered":"https:\/\/staging.silentdivers.com\/product\/padi-scuba-diver\/"},"modified":"2024-11-05T04:08:24","modified_gmt":"2024-11-05T04:08:24","slug":"padi-scuba-diver","status":"publish","type":"product","link":"https:\/\/staging.silentdivers.com\/fr\/cours\/padi-scuba-diver\/","title":{"rendered":"PADI Scuba Diver"},"content":{"rendered":"","protected":false},"excerpt":{"rendered":"<p>Le cours <strong>PADI Scuba Di<\/strong> ver est une variante comprim\u00e9e du cours PADI Open Water Diver, destin\u00e9 \u00e0 ceux qui n&rsquo;ont pas le temps d&rsquo;obtenir une certification compl\u00e8te.<\/p>\n","protected":false},"featured_media":2888,"template":"","meta":[],"product_brand":[],"product_cat":[114,113],"product_tag":[],"class_list":{"0":"post-5490","1":"product","2":"type-product","3":"status-publish","4":"has-post-thumbnail","6":"product_cat-cours","7":"product_cat-debutant","9":"first","10":"instock","11":"shipping-taxable","12":"purchasable","13":"product-type-course"},"_links":{"self":[{"href":"https:\/\/staging.silentdivers.com\/fr\/wp-json\/wp\/v2\/product\/5490","targetHints":{"allow":["GET"]}}],"collection":[{"href":"https:\/\/staging.silentdivers.com\/fr\/wp-json\/wp\/v2\/product"}],"about":[{"href":"https:\/\/staging.silentdivers.com\/fr\/wp-json\/wp\/v2\/types\/product"}],"version-history":[{"count":0,"href":"https:\/\/staging.silentdivers.com\/fr\/wp-json\/wp\/v2\/product\/5490\/revisions"}],"wp:featuredmedia":[{"embeddable":true,"href":"https:\/\/staging.silentdivers.com\/fr\/wp-json\/wp\/v2\/media\/2888"}],"wp:attachment":[{"href":"https:\/\/staging.silentdivers.com\/fr\/wp-json\/wp\/v2\/media?parent=5490"}],"wp:term":[{"taxonomy":"product_brand","embeddable":true,"href":"https:\/\/staging.silentdivers.com\/fr\/wp-json\/wp\/v2\/product_brand?post=5490"},{"taxonomy":"product_cat","embeddable":true,"href":"https:\/\/staging.silentdivers.com\/fr\/wp-json\/wp\/v2\/product_cat?post=5490"},{"taxonomy":"product_tag","embeddable":true,"href":"https:\/\/staging.silentdivers.com\/fr\/wp-json\/wp\/v2\/product_tag?post=5490"}],"curies":[{"name":"wp","href":"https:\/\/api.w.org\/{rel}","templated":true}]}}