{"id":5491,"date":"2024-11-05T08:46:45","date_gmt":"2024-11-05T08:46:45","guid":{"rendered":"https:\/\/staging.silentdivers.com\/product\/padi-advanced-open-water-diver\/"},"modified":"2024-11-05T08:46:45","modified_gmt":"2024-11-05T08:46:45","slug":"padi-advanced-open-water-diver","status":"publish","type":"product","link":"https:\/\/staging.silentdivers.com\/fr\/cours\/padi-advanced-open-water-diver\/","title":{"rendered":"PADI Advanced Open Water Diver"},"content":{"rendered":"","protected":false},"excerpt":{"rendered":"<p>Le <strong>cours PADI Advanced Open Water Diver<\/strong> est con\u00e7u pour permettre aux plongeurs certifi\u00e9s d&rsquo;aller au-del\u00e0 des bases, en les aidant \u00e0 acqu\u00e9rir de nouvelles comp\u00e9tences, \u00e0 plonger plus profond\u00e9ment et \u00e0 exp\u00e9rimenter diff\u00e9rents types d&rsquo;environnements. Ce cours est parfait pour les plongeurs Open Water qui veulent am\u00e9liorer leurs comp\u00e9tences et repousser leurs limites en toute s\u00e9curit\u00e9 sous la direction d&rsquo;un instructeur PADI certifi\u00e9. <\/p>\n","protected":false},"featured_media":2908,"template":"","meta":[],"product_brand":[],"product_cat":[223,114],"product_tag":[],"class_list":{"0":"post-5491","1":"product","2":"type-product","3":"status-publish","4":"has-post-thumbnail","6":"product_cat-avance","7":"product_cat-cours","9":"first","10":"instock","11":"shipping-taxable","12":"purchasable","13":"product-type-course"},"_links":{"self":[{"href":"https:\/\/staging.silentdivers.com\/fr\/wp-json\/wp\/v2\/product\/5491","targetHints":{"allow":["GET"]}}],"collection":[{"href":"https:\/\/staging.silentdivers.com\/fr\/wp-json\/wp\/v2\/product"}],"about":[{"href":"https:\/\/staging.silentdivers.com\/fr\/wp-json\/wp\/v2\/types\/product"}],"version-history":[{"count":0,"href":"https:\/\/staging.silentdivers.com\/fr\/wp-json\/wp\/v2\/product\/5491\/revisions"}],"wp:featuredmedia":[{"embeddable":true,"href":"https:\/\/staging.silentdivers.com\/fr\/wp-json\/wp\/v2\/media\/2908"}],"wp:attachment":[{"href":"https:\/\/staging.silentdivers.com\/fr\/wp-json\/wp\/v2\/media?parent=5491"}],"wp:term":[{"taxonomy":"product_brand","embeddable":true,"href":"https:\/\/staging.silentdivers.com\/fr\/wp-json\/wp\/v2\/product_brand?post=5491"},{"taxonomy":"product_cat","embeddable":true,"href":"https:\/\/staging.silentdivers.com\/fr\/wp-json\/wp\/v2\/product_cat?post=5491"},{"taxonomy":"product_tag","embeddable":true,"href":"https:\/\/staging.silentdivers.com\/fr\/wp-json\/wp\/v2\/product_tag?post=5491"}],"curies":[{"name":"wp","href":"https:\/\/api.w.org\/{rel}","templated":true}]}}