{"id":5497,"date":"2024-12-09T05:33:02","date_gmt":"2024-12-09T05:33:02","guid":{"rendered":"https:\/\/staging.silentdivers.com\/product\/cours-de-recyclage\/"},"modified":"2024-12-09T05:33:02","modified_gmt":"2024-12-09T05:33:02","slug":"cours-de-recyclage","status":"publish","type":"product","link":"https:\/\/staging.silentdivers.com\/fr\/cours\/cours-de-recyclage\/","title":{"rendered":"Cours de recyclage"},"content":{"rendered":"","protected":false},"excerpt":{"rendered":"<p>Cela fait longtemps que vous n&rsquo;avez pas plong\u00e9 ? Notre cours de perfectionnement est con\u00e7u pour aider les plongeurs certifi\u00e9s \u00e0 retrouver leurs comp\u00e9tences, \u00e0 rafra\u00eechir leurs connaissances et \u00e0 se sentir \u00e0 nouveau en confiance dans l&rsquo;eau. <\/p>\n","protected":false},"featured_media":2848,"template":"","meta":[],"product_brand":[],"product_cat":[114,113],"product_tag":[],"class_list":{"0":"post-5497","1":"product","2":"type-product","3":"status-publish","4":"has-post-thumbnail","6":"product_cat-cours","7":"product_cat-debutant","9":"first","10":"instock","11":"shipping-taxable","12":"purchasable","13":"product-type-course"},"_links":{"self":[{"href":"https:\/\/staging.silentdivers.com\/fr\/wp-json\/wp\/v2\/product\/5497","targetHints":{"allow":["GET"]}}],"collection":[{"href":"https:\/\/staging.silentdivers.com\/fr\/wp-json\/wp\/v2\/product"}],"about":[{"href":"https:\/\/staging.silentdivers.com\/fr\/wp-json\/wp\/v2\/types\/product"}],"version-history":[{"count":0,"href":"https:\/\/staging.silentdivers.com\/fr\/wp-json\/wp\/v2\/product\/5497\/revisions"}],"wp:featuredmedia":[{"embeddable":true,"href":"https:\/\/staging.silentdivers.com\/fr\/wp-json\/wp\/v2\/media\/2848"}],"wp:attachment":[{"href":"https:\/\/staging.silentdivers.com\/fr\/wp-json\/wp\/v2\/media?parent=5497"}],"wp:term":[{"taxonomy":"product_brand","embeddable":true,"href":"https:\/\/staging.silentdivers.com\/fr\/wp-json\/wp\/v2\/product_brand?post=5497"},{"taxonomy":"product_cat","embeddable":true,"href":"https:\/\/staging.silentdivers.com\/fr\/wp-json\/wp\/v2\/product_cat?post=5497"},{"taxonomy":"product_tag","embeddable":true,"href":"https:\/\/staging.silentdivers.com\/fr\/wp-json\/wp\/v2\/product_tag?post=5497"}],"curies":[{"name":"wp","href":"https:\/\/api.w.org\/{rel}","templated":true}]}}