{"id":5505,"date":"2024-11-06T09:15:45","date_gmt":"2024-11-06T09:15:45","guid":{"rendered":"https:\/\/staging.silentdivers.com\/product\/padi-plongeur-a-lair-enrichi-eanx\/"},"modified":"2024-11-06T09:15:45","modified_gmt":"2024-11-06T09:15:45","slug":"padi-plongeur-a-lair-enrichi-eanx","status":"publish","type":"product","link":"https:\/\/staging.silentdivers.com\/fr\/cours\/padi-plongeur-a-lair-enrichi-eanx\/","title":{"rendered":"PADI Plongeur \u00e0 l&rsquo;air enrichi (EANx)"},"content":{"rendered":"","protected":false},"excerpt":{"rendered":"<p>Le <strong>cours PADI de plong\u00e9e \u00e0 l&rsquo;air enrichi, \u00e9galement connu sous le nom de cours Nitrox<\/strong>, est la certification sp\u00e9cialis\u00e9e PADI la plus populaire. Il vous apprend \u00e0 plonger avec de l&rsquo;air enrichi (de l&rsquo;air avec une teneur en oxyg\u00e8ne plus \u00e9lev\u00e9e et moins d&rsquo;azote que l&rsquo;air normal). Vous pouvez ainsi augmenter votre temps de plong\u00e9e et r\u00e9duire l&rsquo;accumulation d&rsquo;azote dans votre corps. Vous pouvez augmenter votre temps de plong\u00e9e, profiter d&rsquo;intervalles de surface plus courts, et plonger plus longtemps et plus frais \u00e0 chaque aventure !  <\/p>\n","protected":false},"featured_media":2973,"template":"","meta":[],"product_brand":[],"product_cat":[114,228],"product_tag":[],"class_list":{"0":"post-5505","1":"product","2":"type-product","3":"status-publish","4":"has-post-thumbnail","6":"product_cat-cours","7":"product_cat-specialite","9":"first","10":"instock","11":"shipping-taxable","12":"purchasable","13":"product-type-course"},"_links":{"self":[{"href":"https:\/\/staging.silentdivers.com\/fr\/wp-json\/wp\/v2\/product\/5505","targetHints":{"allow":["GET"]}}],"collection":[{"href":"https:\/\/staging.silentdivers.com\/fr\/wp-json\/wp\/v2\/product"}],"about":[{"href":"https:\/\/staging.silentdivers.com\/fr\/wp-json\/wp\/v2\/types\/product"}],"version-history":[{"count":0,"href":"https:\/\/staging.silentdivers.com\/fr\/wp-json\/wp\/v2\/product\/5505\/revisions"}],"wp:featuredmedia":[{"embeddable":true,"href":"https:\/\/staging.silentdivers.com\/fr\/wp-json\/wp\/v2\/media\/2973"}],"wp:attachment":[{"href":"https:\/\/staging.silentdivers.com\/fr\/wp-json\/wp\/v2\/media?parent=5505"}],"wp:term":[{"taxonomy":"product_brand","embeddable":true,"href":"https:\/\/staging.silentdivers.com\/fr\/wp-json\/wp\/v2\/product_brand?post=5505"},{"taxonomy":"product_cat","embeddable":true,"href":"https:\/\/staging.silentdivers.com\/fr\/wp-json\/wp\/v2\/product_cat?post=5505"},{"taxonomy":"product_tag","embeddable":true,"href":"https:\/\/staging.silentdivers.com\/fr\/wp-json\/wp\/v2\/product_tag?post=5505"}],"curies":[{"name":"wp","href":"https:\/\/api.w.org\/{rel}","templated":true}]}}