{"id":5514,"date":"2024-11-06T08:53:22","date_gmt":"2024-11-06T08:53:22","guid":{"rendered":"https:\/\/staging.silentdivers.com\/product\/premier-intervenant-en-cas-durgence\/"},"modified":"2024-11-06T08:53:22","modified_gmt":"2024-11-06T08:53:22","slug":"premier-intervenant-en-cas-durgence","status":"publish","type":"product","link":"https:\/\/staging.silentdivers.com\/fr\/cours\/premier-intervenant-en-cas-durgence\/","title":{"rendered":"Premier intervenant en cas d&rsquo;urgence"},"content":{"rendered":"","protected":false},"excerpt":{"rendered":"<p>Le <strong>cours Emergency First Responder (EFR)<\/strong> est un programme de formation complet con\u00e7u pour vous donner confiance et comp\u00e9tence dans la gestion des urgences m\u00e9dicales, qu&rsquo;il s&rsquo;agisse d&rsquo;incidents mineurs ou de situations critiques. Il vous offre une formation pratique aux <strong>soins primaires (RCP)<\/strong>, aux <strong>soins secondaires (premiers secours)<\/strong>, \u00e0 l&rsquo;<strong>administration<\/strong> de <strong>m\u00e9dicaments et<\/strong> \u00e0 la <strong>gestion de la<\/strong> <strong>douleur<\/strong>. <\/p>\n","protected":false},"featured_media":2958,"template":"","meta":[],"product_brand":[],"product_cat":[223,114],"product_tag":[],"class_list":{"0":"post-5514","1":"product","2":"type-product","3":"status-publish","4":"has-post-thumbnail","6":"product_cat-avance","7":"product_cat-cours","9":"first","10":"instock","11":"shipping-taxable","12":"purchasable","13":"product-type-course"},"_links":{"self":[{"href":"https:\/\/staging.silentdivers.com\/fr\/wp-json\/wp\/v2\/product\/5514","targetHints":{"allow":["GET"]}}],"collection":[{"href":"https:\/\/staging.silentdivers.com\/fr\/wp-json\/wp\/v2\/product"}],"about":[{"href":"https:\/\/staging.silentdivers.com\/fr\/wp-json\/wp\/v2\/types\/product"}],"version-history":[{"count":0,"href":"https:\/\/staging.silentdivers.com\/fr\/wp-json\/wp\/v2\/product\/5514\/revisions"}],"wp:featuredmedia":[{"embeddable":true,"href":"https:\/\/staging.silentdivers.com\/fr\/wp-json\/wp\/v2\/media\/2958"}],"wp:attachment":[{"href":"https:\/\/staging.silentdivers.com\/fr\/wp-json\/wp\/v2\/media?parent=5514"}],"wp:term":[{"taxonomy":"product_brand","embeddable":true,"href":"https:\/\/staging.silentdivers.com\/fr\/wp-json\/wp\/v2\/product_brand?post=5514"},{"taxonomy":"product_cat","embeddable":true,"href":"https:\/\/staging.silentdivers.com\/fr\/wp-json\/wp\/v2\/product_cat?post=5514"},{"taxonomy":"product_tag","embeddable":true,"href":"https:\/\/staging.silentdivers.com\/fr\/wp-json\/wp\/v2\/product_tag?post=5514"}],"curies":[{"name":"wp","href":"https:\/\/api.w.org\/{rel}","templated":true}]}}