{"id":5515,"date":"2024-11-06T07:57:54","date_gmt":"2024-11-06T07:57:54","guid":{"rendered":"https:\/\/staging.silentdivers.com\/product\/padi-rescue-diver\/"},"modified":"2024-11-06T07:57:54","modified_gmt":"2024-11-06T07:57:54","slug":"padi-rescue-diver","status":"publish","type":"product","link":"https:\/\/staging.silentdivers.com\/fr\/cours\/padi-rescue-diver\/","title":{"rendered":"PADI Rescue Diver"},"content":{"rendered":"","protected":false},"excerpt":{"rendered":"<p>La <strong>certification PADI Rescue Diver<\/strong> va au-del\u00e0 des comp\u00e9tences de base en plong\u00e9e en vous initiant \u00e0 des techniques avanc\u00e9es de s\u00e9curit\u00e9 et de sauvetage, en vous donnant les connaissances n\u00e9cessaires pour vous aider et aider d&rsquo;autres plongeurs. Il vous permettra d&rsquo;augmenter votre confiance en vous, d&rsquo;apprendre \u00e0 reconna\u00eetre et \u00e0 r\u00e9pondre aux urgences li\u00e9es \u00e0 la plong\u00e9e, et de devenir de meilleurs partenaires de plong\u00e9e. <\/p>\n","protected":false},"featured_media":2953,"template":"","meta":[],"product_brand":[],"product_cat":[223,114],"product_tag":[],"class_list":{"0":"post-5515","1":"product","2":"type-product","3":"status-publish","4":"has-post-thumbnail","6":"product_cat-avance","7":"product_cat-cours","9":"first","10":"instock","11":"shipping-taxable","12":"purchasable","13":"product-type-course"},"_links":{"self":[{"href":"https:\/\/staging.silentdivers.com\/fr\/wp-json\/wp\/v2\/product\/5515","targetHints":{"allow":["GET"]}}],"collection":[{"href":"https:\/\/staging.silentdivers.com\/fr\/wp-json\/wp\/v2\/product"}],"about":[{"href":"https:\/\/staging.silentdivers.com\/fr\/wp-json\/wp\/v2\/types\/product"}],"version-history":[{"count":0,"href":"https:\/\/staging.silentdivers.com\/fr\/wp-json\/wp\/v2\/product\/5515\/revisions"}],"wp:featuredmedia":[{"embeddable":true,"href":"https:\/\/staging.silentdivers.com\/fr\/wp-json\/wp\/v2\/media\/2953"}],"wp:attachment":[{"href":"https:\/\/staging.silentdivers.com\/fr\/wp-json\/wp\/v2\/media?parent=5515"}],"wp:term":[{"taxonomy":"product_brand","embeddable":true,"href":"https:\/\/staging.silentdivers.com\/fr\/wp-json\/wp\/v2\/product_brand?post=5515"},{"taxonomy":"product_cat","embeddable":true,"href":"https:\/\/staging.silentdivers.com\/fr\/wp-json\/wp\/v2\/product_cat?post=5515"},{"taxonomy":"product_tag","embeddable":true,"href":"https:\/\/staging.silentdivers.com\/fr\/wp-json\/wp\/v2\/product_tag?post=5515"}],"curies":[{"name":"wp","href":"https:\/\/api.w.org\/{rel}","templated":true}]}}